{"id":1211,"date":"2021-10-09T19:06:41","date_gmt":"2021-10-09T19:06:41","guid":{"rendered":"https:\/\/kohviknewton.ee\/buffeemenuu\/"},"modified":"2024-01-07T15:57:14","modified_gmt":"2024-01-07T15:57:14","slug":"buffet-menu","status":"publish","type":"page","link":"https:\/\/kohviknewton.ee\/en\/buffet-menu\/","title":{"rendered":"Buffet menu"},"content":{"rendered":"\n\n\t<p>We offer a buffet menu for min. 20 participants. The menu must be booked at least 72 hours in advance.<\/p>\n\t\t\t\t\t\t\t\t\t\tBuffet option 1\t\t\t\t\t\t\t\t\t\n\t\t\t16,00\n\t\t\t\t\t\t\t\t<p>Oven roast pork chop carbonate <br \/>Steak sauce<br \/>Oven baked potato <br \/>Grilled vegetables <br \/><br \/>CakeCoffee\/tea\/iced water <br \/>Bread basket with flavoured butter<\/p>\t\t\t\t\t\t\t\t\n\t\t\t16,00\n\t\t\t\t\t\t\t\t\t\tBuffet option 2\t\t\t\t\t\t\t\t\t\n\t\t\t16,00\n\t\t\t\t\t\t\t\t<p>Chicken leg marinated in honey and pineappleMustard sauce <br \/>Vegetable rice <br \/>Grilled vegetables <br \/><br \/>Cake<br \/>Coffee\/tea\/iced water <br \/>Bread basket with flavoured butter<\/p>\t\t\t\t\t\t\t\t\n\t\t\t16,00\n\t\t\t\t\t\t\t\t\t\tBuffet option 3\t\t\t\t\t\t\t\t\t\n\t\t\t20,00\n\t\t\t\t\t\t\t\t<p>White fish fillet roasted with herbs butter and lemon <br \/>Pork fillet marinated in teriyaki marinadeCream sauce <br \/>Potato gratinated with cheese<br \/>Grilled vegetables <br \/><br \/>Cake<br \/>Coffee\/tea\/iced water <br \/>Bread basket with flavoured butter<\/p>\t\t\t\t\t\t\t\t\n\t\t\t20,00\n\t\t\t\t\t\t\t\t\t\tBuffet option 4\t\t\t\t\t\t\t\t\t\n\t\t\t25,00\n\t\t\t\t\t\t\t\t<p>Salmon fillet poached in white wine <br \/>Grilled pork tenderloin <br \/>Cheese sauce <br \/>Potato and parsnip puree <br \/>Pearl couscous with sun-dried tomatoes <br \/>Warm vegetable salad: cauliflower, broccoli, turnip, paprika<br \/><br \/>Chocolate cake with berry salad <br \/>Coffee\/tea\/iced water <br \/>Bread basket with flavoured butter<\/p>\t\t\t\t\t\t\t\t\n\t\t\t25,00\n\t\t\t\t\t\t\t\t\t\tBuffet option 5 (vegetarian)\t\t\t\t\t\t\t\t\t\n\t\t\t19,00\n\t\t\t\t\t\t\t\t<p>Chickpea curry <br \/>Grilled eggplant steak<br \/>Fried rice with cauliflower and broccoli<br \/>Herb sauce <br \/>Wok stir-fried vegetables: turkey beans, paprika, broccoli, coloured carrots <br \/><br \/>Vegan apple pie <br \/>Coffee\/tea\/iced water <br \/>Bread basket with flavoured butter<\/p>\t\t\t\t\t\t\t\t\n\t\t\t19,00\n\n","protected":false},"excerpt":{"rendered":"<p>We offer a buffet menu for min. 20 participants. The menu must be booked at least 72 hours in advance. Buffet option 1 16,00 Oven roast pork chop carbonate Steak sauceOven baked potato Grilled vegetables CakeCoffee\/tea\/iced water Bread basket with flavoured butter 16,00 Buffet option 2 16,00 Chicken leg marinated in honey and pineappleMustard sauce &hellip;<\/p>\n<p class=\"read-more\"> <a class=\"\" href=\"https:\/\/kohviknewton.ee\/en\/buffet-menu\/\"> <span class=\"screen-reader-text\">Buffet menu<\/span> Read More &raquo;<\/a><\/p>\n","protected":false},"author":2,"featured_media":1212,"parent":0,"menu_order":0,"comment_status":"closed","ping_status":"closed","template":"","meta":{"site-sidebar-layout":"default","site-content-layout":"default","ast-global-header-display":"","ast-main-header-display":"","ast-hfb-above-header-display":"","ast-hfb-below-header-display":"","ast-hfb-mobile-header-display":"","site-post-title":"","ast-breadcrumbs-content":"","ast-featured-img":"","footer-sml-layout":"","theme-transparent-header-meta":"default","adv-header-id-meta":"","stick-header-meta":"","header-above-stick-meta":"","header-main-stick-meta":"","header-below-stick-meta":"","footnotes":""},"class_list":["post-1211","page","type-page","status-publish","has-post-thumbnail","hentry"],"yoast_head":"<!-- This site is optimized with the Yoast SEO plugin v25.3.1 - https:\/\/yoast.com\/wordpress\/plugins\/seo\/ -->\n<title>Buffet menu - Kohvik Newton<\/title>\n<meta name=\"description\" content=\"Pakume gruppidele erinevaid variante buffeetoitlustuse l\u00e4biviimiseks. Men\u00fc\u00fcd on v\u00f5imalik muuta ja t\u00e4iendada vastavalt kliendi soovidele\" \/>\n<meta name=\"robots\" content=\"index, follow, max-snippet:-1, max-image-preview:large, max-video-preview:-1\" \/>\n<link rel=\"canonical\" href=\"https:\/\/kohviknewton.ee\/en\/buffet-menu\/\" \/>\n<meta property=\"og:locale\" content=\"en_US\" \/>\n<meta property=\"og:type\" content=\"article\" \/>\n<meta property=\"og:title\" content=\"Buffet menu - Kohvik Newton\" \/>\n<meta property=\"og:description\" content=\"Pakume gruppidele erinevaid variante buffeetoitlustuse l\u00e4biviimiseks. Men\u00fc\u00fcd on v\u00f5imalik muuta ja t\u00e4iendada vastavalt kliendi soovidele\" \/>\n<meta property=\"og:url\" content=\"https:\/\/kohviknewton.ee\/en\/buffet-menu\/\" \/>\n<meta property=\"og:site_name\" content=\"Kohvik Newton\" \/>\n<meta property=\"article:publisher\" content=\"https:\/\/www.facebook.com\/newtonkohvik\" \/>\n<meta property=\"article:modified_time\" content=\"2024-01-07T15:57:14+00:00\" \/>\n<meta property=\"og:image\" content=\"https:\/\/kohviknewton.ee\/wp-content\/uploads\/2021\/05\/Nimetu-kujundus-2.png\" \/>\n\t<meta property=\"og:image:width\" content=\"1920\" \/>\n\t<meta property=\"og:image:height\" content=\"600\" \/>\n\t<meta property=\"og:image:type\" content=\"image\/png\" \/>\n<meta name=\"twitter:card\" content=\"summary_large_image\" \/>\n<meta name=\"twitter:label1\" content=\"Est. reading time\" \/>\n\t<meta name=\"twitter:data1\" content=\"1 minute\" \/>\n<script type=\"application\/ld+json\" class=\"yoast-schema-graph\">{\"@context\":\"https:\/\/schema.org\",\"@graph\":[{\"@type\":\"WebPage\",\"@id\":\"https:\/\/kohviknewton.ee\/en\/buffet-menu\/\",\"url\":\"https:\/\/kohviknewton.ee\/en\/buffet-menu\/\",\"name\":\"Buffet menu - Kohvik Newton\",\"isPartOf\":{\"@id\":\"https:\/\/kohviknewton.ee\/#website\"},\"primaryImageOfPage\":{\"@id\":\"https:\/\/kohviknewton.ee\/en\/buffet-menu\/#primaryimage\"},\"image\":{\"@id\":\"https:\/\/kohviknewton.ee\/en\/buffet-menu\/#primaryimage\"},\"thumbnailUrl\":\"https:\/\/kohviknewton.ee\/wp-content\/uploads\/2021\/05\/Nimetu-kujundus-2.png\",\"datePublished\":\"2021-10-09T19:06:41+00:00\",\"dateModified\":\"2024-01-07T15:57:14+00:00\",\"description\":\"Pakume gruppidele erinevaid variante buffeetoitlustuse l\u00e4biviimiseks. Men\u00fc\u00fcd on v\u00f5imalik muuta ja t\u00e4iendada vastavalt kliendi soovidele\",\"breadcrumb\":{\"@id\":\"https:\/\/kohviknewton.ee\/en\/buffet-menu\/#breadcrumb\"},\"inLanguage\":\"en-US\",\"potentialAction\":[{\"@type\":\"ReadAction\",\"target\":[\"https:\/\/kohviknewton.ee\/en\/buffet-menu\/\"]}]},{\"@type\":\"ImageObject\",\"inLanguage\":\"en-US\",\"@id\":\"https:\/\/kohviknewton.ee\/en\/buffet-menu\/#primaryimage\",\"url\":\"https:\/\/kohviknewton.ee\/wp-content\/uploads\/2021\/05\/Nimetu-kujundus-2.png\",\"contentUrl\":\"https:\/\/kohviknewton.ee\/wp-content\/uploads\/2021\/05\/Nimetu-kujundus-2.png\",\"width\":1920,\"height\":600},{\"@type\":\"BreadcrumbList\",\"@id\":\"https:\/\/kohviknewton.ee\/en\/buffet-menu\/#breadcrumb\",\"itemListElement\":[{\"@type\":\"ListItem\",\"position\":1,\"name\":\"Home\",\"item\":\"https:\/\/kohviknewton.ee\/en\/\"},{\"@type\":\"ListItem\",\"position\":2,\"name\":\"Buffet menu\"}]},{\"@type\":\"WebSite\",\"@id\":\"https:\/\/kohviknewton.ee\/#website\",\"url\":\"https:\/\/kohviknewton.ee\/\",\"name\":\"Kohvik Newton\",\"description\":\"M\u00f5nus kohvik Tartu kesklinnas AHHAAkeskuses\",\"publisher\":{\"@id\":\"https:\/\/kohviknewton.ee\/#organization\"},\"potentialAction\":[{\"@type\":\"SearchAction\",\"target\":{\"@type\":\"EntryPoint\",\"urlTemplate\":\"https:\/\/kohviknewton.ee\/?s={search_term_string}\"},\"query-input\":{\"@type\":\"PropertyValueSpecification\",\"valueRequired\":true,\"valueName\":\"search_term_string\"}}],\"inLanguage\":\"en-US\"},{\"@type\":\"Organization\",\"@id\":\"https:\/\/kohviknewton.ee\/#organization\",\"name\":\"Kohvik Newton\",\"url\":\"https:\/\/kohviknewton.ee\/\",\"logo\":{\"@type\":\"ImageObject\",\"inLanguage\":\"en-US\",\"@id\":\"https:\/\/kohviknewton.ee\/#\/schema\/logo\/image\/\",\"url\":\"https:\/\/kohviknewton.ee\/wp-content\/uploads\/2021\/05\/cropped-newton_logo-black-1-2.png\",\"contentUrl\":\"https:\/\/kohviknewton.ee\/wp-content\/uploads\/2021\/05\/cropped-newton_logo-black-1-2.png\",\"width\":133,\"height\":82,\"caption\":\"Kohvik Newton\"},\"image\":{\"@id\":\"https:\/\/kohviknewton.ee\/#\/schema\/logo\/image\/\"},\"sameAs\":[\"https:\/\/www.facebook.com\/newtonkohvik\",\"https:\/\/www.instagram.com\/newtonkohvik\/\"]}]}<\/script>\n<!-- \/ Yoast SEO plugin. -->","yoast_head_json":{"title":"Buffet menu - Kohvik Newton","description":"Pakume gruppidele erinevaid variante buffeetoitlustuse l\u00e4biviimiseks. Men\u00fc\u00fcd on v\u00f5imalik muuta ja t\u00e4iendada vastavalt kliendi soovidele","robots":{"index":"index","follow":"follow","max-snippet":"max-snippet:-1","max-image-preview":"max-image-preview:large","max-video-preview":"max-video-preview:-1"},"canonical":"https:\/\/kohviknewton.ee\/en\/buffet-menu\/","og_locale":"en_US","og_type":"article","og_title":"Buffet menu - Kohvik Newton","og_description":"Pakume gruppidele erinevaid variante buffeetoitlustuse l\u00e4biviimiseks. Men\u00fc\u00fcd on v\u00f5imalik muuta ja t\u00e4iendada vastavalt kliendi soovidele","og_url":"https:\/\/kohviknewton.ee\/en\/buffet-menu\/","og_site_name":"Kohvik Newton","article_publisher":"https:\/\/www.facebook.com\/newtonkohvik","article_modified_time":"2024-01-07T15:57:14+00:00","og_image":[{"width":1920,"height":600,"url":"https:\/\/kohviknewton.ee\/wp-content\/uploads\/2021\/05\/Nimetu-kujundus-2.png","type":"image\/png"}],"twitter_card":"summary_large_image","twitter_misc":{"Est. reading time":"1 minute"},"schema":{"@context":"https:\/\/schema.org","@graph":[{"@type":"WebPage","@id":"https:\/\/kohviknewton.ee\/en\/buffet-menu\/","url":"https:\/\/kohviknewton.ee\/en\/buffet-menu\/","name":"Buffet menu - Kohvik Newton","isPartOf":{"@id":"https:\/\/kohviknewton.ee\/#website"},"primaryImageOfPage":{"@id":"https:\/\/kohviknewton.ee\/en\/buffet-menu\/#primaryimage"},"image":{"@id":"https:\/\/kohviknewton.ee\/en\/buffet-menu\/#primaryimage"},"thumbnailUrl":"https:\/\/kohviknewton.ee\/wp-content\/uploads\/2021\/05\/Nimetu-kujundus-2.png","datePublished":"2021-10-09T19:06:41+00:00","dateModified":"2024-01-07T15:57:14+00:00","description":"Pakume gruppidele erinevaid variante buffeetoitlustuse l\u00e4biviimiseks. Men\u00fc\u00fcd on v\u00f5imalik muuta ja t\u00e4iendada vastavalt kliendi soovidele","breadcrumb":{"@id":"https:\/\/kohviknewton.ee\/en\/buffet-menu\/#breadcrumb"},"inLanguage":"en-US","potentialAction":[{"@type":"ReadAction","target":["https:\/\/kohviknewton.ee\/en\/buffet-menu\/"]}]},{"@type":"ImageObject","inLanguage":"en-US","@id":"https:\/\/kohviknewton.ee\/en\/buffet-menu\/#primaryimage","url":"https:\/\/kohviknewton.ee\/wp-content\/uploads\/2021\/05\/Nimetu-kujundus-2.png","contentUrl":"https:\/\/kohviknewton.ee\/wp-content\/uploads\/2021\/05\/Nimetu-kujundus-2.png","width":1920,"height":600},{"@type":"BreadcrumbList","@id":"https:\/\/kohviknewton.ee\/en\/buffet-menu\/#breadcrumb","itemListElement":[{"@type":"ListItem","position":1,"name":"Home","item":"https:\/\/kohviknewton.ee\/en\/"},{"@type":"ListItem","position":2,"name":"Buffet menu"}]},{"@type":"WebSite","@id":"https:\/\/kohviknewton.ee\/#website","url":"https:\/\/kohviknewton.ee\/","name":"Kohvik Newton","description":"M\u00f5nus kohvik Tartu kesklinnas AHHAAkeskuses","publisher":{"@id":"https:\/\/kohviknewton.ee\/#organization"},"potentialAction":[{"@type":"SearchAction","target":{"@type":"EntryPoint","urlTemplate":"https:\/\/kohviknewton.ee\/?s={search_term_string}"},"query-input":{"@type":"PropertyValueSpecification","valueRequired":true,"valueName":"search_term_string"}}],"inLanguage":"en-US"},{"@type":"Organization","@id":"https:\/\/kohviknewton.ee\/#organization","name":"Kohvik Newton","url":"https:\/\/kohviknewton.ee\/","logo":{"@type":"ImageObject","inLanguage":"en-US","@id":"https:\/\/kohviknewton.ee\/#\/schema\/logo\/image\/","url":"https:\/\/kohviknewton.ee\/wp-content\/uploads\/2021\/05\/cropped-newton_logo-black-1-2.png","contentUrl":"https:\/\/kohviknewton.ee\/wp-content\/uploads\/2021\/05\/cropped-newton_logo-black-1-2.png","width":133,"height":82,"caption":"Kohvik Newton"},"image":{"@id":"https:\/\/kohviknewton.ee\/#\/schema\/logo\/image\/"},"sameAs":["https:\/\/www.facebook.com\/newtonkohvik","https:\/\/www.instagram.com\/newtonkohvik\/"]}]}},"_links":{"self":[{"href":"https:\/\/kohviknewton.ee\/en\/wp-json\/wp\/v2\/pages\/1211","targetHints":{"allow":["GET"]}}],"collection":[{"href":"https:\/\/kohviknewton.ee\/en\/wp-json\/wp\/v2\/pages"}],"about":[{"href":"https:\/\/kohviknewton.ee\/en\/wp-json\/wp\/v2\/types\/page"}],"author":[{"embeddable":true,"href":"https:\/\/kohviknewton.ee\/en\/wp-json\/wp\/v2\/users\/2"}],"replies":[{"embeddable":true,"href":"https:\/\/kohviknewton.ee\/en\/wp-json\/wp\/v2\/comments?post=1211"}],"version-history":[{"count":4,"href":"https:\/\/kohviknewton.ee\/en\/wp-json\/wp\/v2\/pages\/1211\/revisions"}],"predecessor-version":[{"id":2267,"href":"https:\/\/kohviknewton.ee\/en\/wp-json\/wp\/v2\/pages\/1211\/revisions\/2267"}],"wp:featuredmedia":[{"embeddable":true,"href":"https:\/\/kohviknewton.ee\/en\/wp-json\/wp\/v2\/media\/1212"}],"wp:attachment":[{"href":"https:\/\/kohviknewton.ee\/en\/wp-json\/wp\/v2\/media?parent=1211"}],"curies":[{"name":"wp","href":"https:\/\/api.w.org\/{rel}","templated":true}]}}