{"id":1228,"date":"2021-09-14T12:44:35","date_gmt":"2021-09-14T12:44:35","guid":{"rendered":"https:\/\/kohviknewton.ee\/laste-sunnipaevad\/"},"modified":"2025-07-22T10:12:55","modified_gmt":"2025-07-22T10:12:55","slug":"childrens-birthdays","status":"publish","type":"page","link":"https:\/\/kohviknewton.ee\/en\/childrens-birthdays\/","title":{"rendered":"Childrens birthdays"},"content":{"rendered":"\n\n\t\t\t\t<img loading=\"lazy\" decoding=\"async\" src=\"https:\/\/kohviknewton.ee\/wp-content\/uploads\/2023\/11\/Vintage-cake-225x300.jpg\" alt=\"Vintage cake\" itemprop=\"image\" height=\"300\" width=\"225\" title=\"Vintage cake\" onerror=\"this.style.display='none'\"  \/>\n\t<p>&nbsp;<\/p>\n<p>&nbsp;<\/p>\n<p>&nbsp;<\/p>\n<p>&nbsp;<\/p>\n<p>We offer the possibility to order catering for a child&#8217;s birthday party. Either for those that you organise at the AHHAA Science Centre or at a location of your choice (at home, in a playground&#8230;).<\/p>\n<p>By ordering your birthday party food from us, you can be sure that everything you need will be ready before you arrive. It&#8217;s convenient for you and saves time too.<\/p>\n<p>We&#8217;ll set the table, and we&#8217;re always on hand at the Caf\u00e9 Newton if you have any questions or additional requests. You can also leave the cleaning up of the room after the party to us.<\/p>\n<p>In addition to all this, you can also order tarts and cakes from us. If you wish, we can prepare a personalised cake just the way you like it. If you would like to order a cake, please contact us in good time so that we have the best opportunity to start the preparations for both baking and decorating.<\/p>\n\t\t\t\t<img decoding=\"async\" src=\"https:\/\/kohviknewton.ee\/wp-content\/uploads\/2025\/07\/laste-sunnipaeva-menuuvalik_ENG_OK.png\" alt=\"laste s\u00fcnnip\u00e4eva men\u00fc\u00fcvalik_ENG_OK\" itemprop=\"image\" title=\"laste s\u00fcnnip\u00e4eva men\u00fc\u00fcvalik_ENG_OK\" onerror=\"this.style.display='none'\"  \/>\n\n","protected":false},"excerpt":{"rendered":"<p>&nbsp; &nbsp; &nbsp; &nbsp; We offer the possibility to order catering for a child&#8217;s birthday party. Either for those that you organise at the AHHAA Science Centre or at a location of your choice (at home, in a playground&#8230;). By ordering your birthday party food from us, you can be sure that everything you need &hellip;<\/p>\n<p class=\"read-more\"> <a class=\"\" href=\"https:\/\/kohviknewton.ee\/en\/childrens-birthdays\/\"> <span class=\"screen-reader-text\">Childrens birthdays<\/span> Read More &raquo;<\/a><\/p>\n","protected":false},"author":2,"featured_media":1230,"parent":0,"menu_order":0,"comment_status":"closed","ping_status":"closed","template":"","meta":{"site-sidebar-layout":"default","site-content-layout":"page-builder","ast-global-header-display":"","ast-main-header-display":"","ast-hfb-above-header-display":"","ast-hfb-below-header-display":"","ast-hfb-mobile-header-display":"","site-post-title":"disabled","ast-breadcrumbs-content":"","ast-featured-img":"disabled","footer-sml-layout":"disabled","theme-transparent-header-meta":"disabled","adv-header-id-meta":"","stick-header-meta":"","header-above-stick-meta":"","header-main-stick-meta":"","header-below-stick-meta":"","footnotes":""},"class_list":["post-1228","page","type-page","status-publish","has-post-thumbnail","hentry"],"yoast_head":"<!-- This site is optimized with the Yoast SEO plugin v25.3.1 - https:\/\/yoast.com\/wordpress\/plugins\/seo\/ -->\n<title>Childrens birthdays - Kohvik Newton<\/title>\n<meta name=\"description\" content=\"Pakume laste s\u00fcnnip\u00e4evade toitlustus AHHAAkeskuses toimuvatele laste s\u00fcnnip\u00e4evadele, kui ka kliendi soovitud aadressile\" \/>\n<meta name=\"robots\" content=\"index, follow, max-snippet:-1, max-image-preview:large, max-video-preview:-1\" \/>\n<link rel=\"canonical\" href=\"https:\/\/kohviknewton.ee\/en\/childrens-birthdays\/\" \/>\n<meta property=\"og:locale\" content=\"en_US\" \/>\n<meta property=\"og:type\" content=\"article\" \/>\n<meta property=\"og:title\" content=\"Childrens birthdays - Kohvik Newton\" \/>\n<meta property=\"og:description\" content=\"Pakume laste s\u00fcnnip\u00e4evade toitlustus AHHAAkeskuses toimuvatele laste s\u00fcnnip\u00e4evadele, kui ka kliendi soovitud aadressile\" \/>\n<meta property=\"og:url\" content=\"https:\/\/kohviknewton.ee\/en\/childrens-birthdays\/\" \/>\n<meta property=\"og:site_name\" content=\"Kohvik Newton\" \/>\n<meta property=\"article:publisher\" content=\"https:\/\/www.facebook.com\/newtonkohvik\" \/>\n<meta property=\"article:modified_time\" content=\"2025-07-22T10:12:55+00:00\" \/>\n<meta property=\"og:image\" content=\"https:\/\/kohviknewton.ee\/wp-content\/uploads\/2021\/12\/Nimetu-kujundus-11.png\" \/>\n\t<meta property=\"og:image:width\" content=\"1920\" \/>\n\t<meta property=\"og:image:height\" content=\"600\" \/>\n\t<meta property=\"og:image:type\" content=\"image\/png\" \/>\n<meta name=\"twitter:card\" content=\"summary_large_image\" \/>\n<meta name=\"twitter:label1\" content=\"Est. reading time\" \/>\n\t<meta name=\"twitter:data1\" content=\"1 minute\" \/>\n<script type=\"application\/ld+json\" class=\"yoast-schema-graph\">{\"@context\":\"https:\/\/schema.org\",\"@graph\":[{\"@type\":\"WebPage\",\"@id\":\"https:\/\/kohviknewton.ee\/en\/childrens-birthdays\/\",\"url\":\"https:\/\/kohviknewton.ee\/en\/childrens-birthdays\/\",\"name\":\"Childrens birthdays - Kohvik Newton\",\"isPartOf\":{\"@id\":\"https:\/\/kohviknewton.ee\/#website\"},\"primaryImageOfPage\":{\"@id\":\"https:\/\/kohviknewton.ee\/en\/childrens-birthdays\/#primaryimage\"},\"image\":{\"@id\":\"https:\/\/kohviknewton.ee\/en\/childrens-birthdays\/#primaryimage\"},\"thumbnailUrl\":\"https:\/\/kohviknewton.ee\/wp-content\/uploads\/2021\/12\/Nimetu-kujundus-11.png\",\"datePublished\":\"2021-09-14T12:44:35+00:00\",\"dateModified\":\"2025-07-22T10:12:55+00:00\",\"description\":\"Pakume laste s\u00fcnnip\u00e4evade toitlustus AHHAAkeskuses toimuvatele laste s\u00fcnnip\u00e4evadele, kui ka kliendi soovitud aadressile\",\"breadcrumb\":{\"@id\":\"https:\/\/kohviknewton.ee\/en\/childrens-birthdays\/#breadcrumb\"},\"inLanguage\":\"en-US\",\"potentialAction\":[{\"@type\":\"ReadAction\",\"target\":[\"https:\/\/kohviknewton.ee\/en\/childrens-birthdays\/\"]}]},{\"@type\":\"ImageObject\",\"inLanguage\":\"en-US\",\"@id\":\"https:\/\/kohviknewton.ee\/en\/childrens-birthdays\/#primaryimage\",\"url\":\"https:\/\/kohviknewton.ee\/wp-content\/uploads\/2021\/12\/Nimetu-kujundus-11.png\",\"contentUrl\":\"https:\/\/kohviknewton.ee\/wp-content\/uploads\/2021\/12\/Nimetu-kujundus-11.png\",\"width\":1920,\"height\":600},{\"@type\":\"BreadcrumbList\",\"@id\":\"https:\/\/kohviknewton.ee\/en\/childrens-birthdays\/#breadcrumb\",\"itemListElement\":[{\"@type\":\"ListItem\",\"position\":1,\"name\":\"Home\",\"item\":\"https:\/\/kohviknewton.ee\/en\/\"},{\"@type\":\"ListItem\",\"position\":2,\"name\":\"Childrens birthdays\"}]},{\"@type\":\"WebSite\",\"@id\":\"https:\/\/kohviknewton.ee\/#website\",\"url\":\"https:\/\/kohviknewton.ee\/\",\"name\":\"Kohvik Newton\",\"description\":\"M\u00f5nus kohvik Tartu kesklinnas AHHAAkeskuses\",\"publisher\":{\"@id\":\"https:\/\/kohviknewton.ee\/#organization\"},\"potentialAction\":[{\"@type\":\"SearchAction\",\"target\":{\"@type\":\"EntryPoint\",\"urlTemplate\":\"https:\/\/kohviknewton.ee\/?s={search_term_string}\"},\"query-input\":{\"@type\":\"PropertyValueSpecification\",\"valueRequired\":true,\"valueName\":\"search_term_string\"}}],\"inLanguage\":\"en-US\"},{\"@type\":\"Organization\",\"@id\":\"https:\/\/kohviknewton.ee\/#organization\",\"name\":\"Kohvik Newton\",\"url\":\"https:\/\/kohviknewton.ee\/\",\"logo\":{\"@type\":\"ImageObject\",\"inLanguage\":\"en-US\",\"@id\":\"https:\/\/kohviknewton.ee\/#\/schema\/logo\/image\/\",\"url\":\"https:\/\/kohviknewton.ee\/wp-content\/uploads\/2021\/05\/cropped-newton_logo-black-1-2.png\",\"contentUrl\":\"https:\/\/kohviknewton.ee\/wp-content\/uploads\/2021\/05\/cropped-newton_logo-black-1-2.png\",\"width\":133,\"height\":82,\"caption\":\"Kohvik Newton\"},\"image\":{\"@id\":\"https:\/\/kohviknewton.ee\/#\/schema\/logo\/image\/\"},\"sameAs\":[\"https:\/\/www.facebook.com\/newtonkohvik\",\"https:\/\/www.instagram.com\/newtonkohvik\/\"]}]}<\/script>\n<!-- \/ Yoast SEO plugin. -->","yoast_head_json":{"title":"Childrens birthdays - Kohvik Newton","description":"Pakume laste s\u00fcnnip\u00e4evade toitlustus AHHAAkeskuses toimuvatele laste s\u00fcnnip\u00e4evadele, kui ka kliendi soovitud aadressile","robots":{"index":"index","follow":"follow","max-snippet":"max-snippet:-1","max-image-preview":"max-image-preview:large","max-video-preview":"max-video-preview:-1"},"canonical":"https:\/\/kohviknewton.ee\/en\/childrens-birthdays\/","og_locale":"en_US","og_type":"article","og_title":"Childrens birthdays - Kohvik Newton","og_description":"Pakume laste s\u00fcnnip\u00e4evade toitlustus AHHAAkeskuses toimuvatele laste s\u00fcnnip\u00e4evadele, kui ka kliendi soovitud aadressile","og_url":"https:\/\/kohviknewton.ee\/en\/childrens-birthdays\/","og_site_name":"Kohvik Newton","article_publisher":"https:\/\/www.facebook.com\/newtonkohvik","article_modified_time":"2025-07-22T10:12:55+00:00","og_image":[{"width":1920,"height":600,"url":"https:\/\/kohviknewton.ee\/wp-content\/uploads\/2021\/12\/Nimetu-kujundus-11.png","type":"image\/png"}],"twitter_card":"summary_large_image","twitter_misc":{"Est. reading time":"1 minute"},"schema":{"@context":"https:\/\/schema.org","@graph":[{"@type":"WebPage","@id":"https:\/\/kohviknewton.ee\/en\/childrens-birthdays\/","url":"https:\/\/kohviknewton.ee\/en\/childrens-birthdays\/","name":"Childrens birthdays - Kohvik Newton","isPartOf":{"@id":"https:\/\/kohviknewton.ee\/#website"},"primaryImageOfPage":{"@id":"https:\/\/kohviknewton.ee\/en\/childrens-birthdays\/#primaryimage"},"image":{"@id":"https:\/\/kohviknewton.ee\/en\/childrens-birthdays\/#primaryimage"},"thumbnailUrl":"https:\/\/kohviknewton.ee\/wp-content\/uploads\/2021\/12\/Nimetu-kujundus-11.png","datePublished":"2021-09-14T12:44:35+00:00","dateModified":"2025-07-22T10:12:55+00:00","description":"Pakume laste s\u00fcnnip\u00e4evade toitlustus AHHAAkeskuses toimuvatele laste s\u00fcnnip\u00e4evadele, kui ka kliendi soovitud aadressile","breadcrumb":{"@id":"https:\/\/kohviknewton.ee\/en\/childrens-birthdays\/#breadcrumb"},"inLanguage":"en-US","potentialAction":[{"@type":"ReadAction","target":["https:\/\/kohviknewton.ee\/en\/childrens-birthdays\/"]}]},{"@type":"ImageObject","inLanguage":"en-US","@id":"https:\/\/kohviknewton.ee\/en\/childrens-birthdays\/#primaryimage","url":"https:\/\/kohviknewton.ee\/wp-content\/uploads\/2021\/12\/Nimetu-kujundus-11.png","contentUrl":"https:\/\/kohviknewton.ee\/wp-content\/uploads\/2021\/12\/Nimetu-kujundus-11.png","width":1920,"height":600},{"@type":"BreadcrumbList","@id":"https:\/\/kohviknewton.ee\/en\/childrens-birthdays\/#breadcrumb","itemListElement":[{"@type":"ListItem","position":1,"name":"Home","item":"https:\/\/kohviknewton.ee\/en\/"},{"@type":"ListItem","position":2,"name":"Childrens birthdays"}]},{"@type":"WebSite","@id":"https:\/\/kohviknewton.ee\/#website","url":"https:\/\/kohviknewton.ee\/","name":"Kohvik Newton","description":"M\u00f5nus kohvik Tartu kesklinnas AHHAAkeskuses","publisher":{"@id":"https:\/\/kohviknewton.ee\/#organization"},"potentialAction":[{"@type":"SearchAction","target":{"@type":"EntryPoint","urlTemplate":"https:\/\/kohviknewton.ee\/?s={search_term_string}"},"query-input":{"@type":"PropertyValueSpecification","valueRequired":true,"valueName":"search_term_string"}}],"inLanguage":"en-US"},{"@type":"Organization","@id":"https:\/\/kohviknewton.ee\/#organization","name":"Kohvik Newton","url":"https:\/\/kohviknewton.ee\/","logo":{"@type":"ImageObject","inLanguage":"en-US","@id":"https:\/\/kohviknewton.ee\/#\/schema\/logo\/image\/","url":"https:\/\/kohviknewton.ee\/wp-content\/uploads\/2021\/05\/cropped-newton_logo-black-1-2.png","contentUrl":"https:\/\/kohviknewton.ee\/wp-content\/uploads\/2021\/05\/cropped-newton_logo-black-1-2.png","width":133,"height":82,"caption":"Kohvik Newton"},"image":{"@id":"https:\/\/kohviknewton.ee\/#\/schema\/logo\/image\/"},"sameAs":["https:\/\/www.facebook.com\/newtonkohvik","https:\/\/www.instagram.com\/newtonkohvik\/"]}]}},"_links":{"self":[{"href":"https:\/\/kohviknewton.ee\/en\/wp-json\/wp\/v2\/pages\/1228","targetHints":{"allow":["GET"]}}],"collection":[{"href":"https:\/\/kohviknewton.ee\/en\/wp-json\/wp\/v2\/pages"}],"about":[{"href":"https:\/\/kohviknewton.ee\/en\/wp-json\/wp\/v2\/types\/page"}],"author":[{"embeddable":true,"href":"https:\/\/kohviknewton.ee\/en\/wp-json\/wp\/v2\/users\/2"}],"replies":[{"embeddable":true,"href":"https:\/\/kohviknewton.ee\/en\/wp-json\/wp\/v2\/comments?post=1228"}],"version-history":[{"count":9,"href":"https:\/\/kohviknewton.ee\/en\/wp-json\/wp\/v2\/pages\/1228\/revisions"}],"predecessor-version":[{"id":2909,"href":"https:\/\/kohviknewton.ee\/en\/wp-json\/wp\/v2\/pages\/1228\/revisions\/2909"}],"wp:featuredmedia":[{"embeddable":true,"href":"https:\/\/kohviknewton.ee\/en\/wp-json\/wp\/v2\/media\/1230"}],"wp:attachment":[{"href":"https:\/\/kohviknewton.ee\/en\/wp-json\/wp\/v2\/media?parent=1228"}],"curies":[{"name":"wp","href":"https:\/\/api.w.org\/{rel}","templated":true}]}}