{"id":1233,"date":"2021-10-09T19:44:11","date_gmt":"2021-10-09T19:44:11","guid":{"rendered":"https:\/\/kohviknewton.ee\/ruhmamenuu\/"},"modified":"2024-01-07T15:35:17","modified_gmt":"2024-01-07T15:35:17","slug":"group-menu","status":"publish","type":"page","link":"https:\/\/kohviknewton.ee\/en\/group-menu\/","title":{"rendered":"Group menu"},"content":{"rendered":"\n\n\t<p>The group menu can be tailored to your needs for lunch or dinner. The price of the group menu includes a selection of coffee\/tea with all the essentials and ice water. The meals on the group menu are served in portions. Group menus are offered by reservation (min. 72 hours) and we recommend the same menu for the whole group.<\/p>\n\t\t\t\t\t\t\t\t\t\tSoups\t\t\t\t\t\t\t\t\t\n\t\t\t5,00\n\t\t\t\t\t\t\t\t<p>Goulash soup with beef, sour cream<br \/>Creamy several fish soup <br \/>Broccoli and cauliflower puree soup<\/p>\t\t\t\t\t\t\t\t\n\t\t\t5,00\n\t\t\t\t\t\t\t\t\t\tSalads\t\t\t\t\t\t\t\t\t\n\t\t\t7,00\n\t\t\t\t\t\t\t\t<p>Cold smoked salmon salad with green mix and cottage cheese sauce <br \/>Fresh salad with crispy chicken fillet <br \/>German potato salad with crispy bacon <br \/>Quinoa salad with tofu and beetroot<\/p>\t\t\t\t\t\t\t\t\n\t\t\t7,00\n\t\t\t\t\t\t\t\t\t\tMain dishes 1\t\t\t\t\t\t\t\t\t\n\t\t\t17,00\n\t\t\t\t\t\t\t\t<p>Grilled salmon steak, pearl couscous and warm vegetable salad <br \/>Roast beef entrecote, red wine dressing, mashed potatoes and parsnip and green saladLightly smoked duck fillet with blackcurrant sauce, herb potatoes and green salad<\/p>\t\t\t\t\t\t\t\t\n\t\t\t17,00\n\t\t\t\t\t\t\t\t\t\tMain dishes 2\t\t\t\t\t\t\t\t\t\n\t\t\t8,00\n\t\t\t\t\t\t\t\t<p>White fish gratinated with leek and mayonnaise, cheese sauce, garlic and spinach rice <br \/>Pork fillet schnitzel, butter sauce, oven baked potato with herbs and fresh salad <br \/>Stewed pork chops carbonate, pepper sauce, garlic potatoes and warm vegetable salad <br \/>Marinated chicken fillet, cheese sauce, mashed potatoes and fresh salad <br \/>Spinach chicken pasta <br \/>Vegetable steak with chimichurri sauce and warm potato and vegetable salad<\/p>\t\t\t\t\t\t\t\t\n\t\t\t8,00\n\t\t\t\t\t\t\t\t\t\tDesert\t\t\t\t\t\t\t\t\t\n\t\t\t5,00\n\t\t\t\t\t\t\t\t<p>Chocolate cake with berry coulis <br \/>Berry soup with cream cheese and condensed milk dip <br \/>Berry pannacotta<\/p>\t\t\t\t\t\t\t\t\n\t\t\t5,00\n\n","protected":false},"excerpt":{"rendered":"<p>The group menu can be tailored to your needs for lunch or dinner. The price of the group menu includes a selection of coffee\/tea with all the essentials and ice water. The meals on the group menu are served in portions. Group menus are offered by reservation (min. 72 hours) and we recommend the same &hellip;<\/p>\n<p class=\"read-more\"> <a class=\"\" href=\"https:\/\/kohviknewton.ee\/en\/group-menu\/\"> <span class=\"screen-reader-text\">Group menu<\/span> Read More &raquo;<\/a><\/p>\n","protected":false},"author":2,"featured_media":0,"parent":0,"menu_order":0,"comment_status":"closed","ping_status":"closed","template":"","meta":{"site-sidebar-layout":"default","site-content-layout":"default","ast-global-header-display":"","ast-main-header-display":"","ast-hfb-above-header-display":"","ast-hfb-below-header-display":"","ast-hfb-mobile-header-display":"","site-post-title":"","ast-breadcrumbs-content":"","ast-featured-img":"","footer-sml-layout":"","theme-transparent-header-meta":"default","adv-header-id-meta":"","stick-header-meta":"","header-above-stick-meta":"","header-main-stick-meta":"","header-below-stick-meta":"","footnotes":""},"class_list":["post-1233","page","type-page","status-publish","hentry"],"yoast_head":"<!-- This site is optimized with the Yoast SEO plugin v25.3.1 - https:\/\/yoast.com\/wordpress\/plugins\/seo\/ -->\n<title>Group menu - Kohvik Newton<\/title>\n<meta name=\"description\" content=\"R\u00fchmamen\u00fc\u00fcst saab toite valida nii koolituste l\u00f5unapausiks, kui ka suuremale seltskonnale l\u00f5una v\u00f5i \u00f5htus\u00f6\u00f6gi pakkumiseks\" \/>\n<meta name=\"robots\" content=\"index, follow, max-snippet:-1, max-image-preview:large, max-video-preview:-1\" \/>\n<link rel=\"canonical\" href=\"https:\/\/kohviknewton.ee\/en\/group-menu\/\" \/>\n<meta property=\"og:locale\" content=\"en_US\" \/>\n<meta property=\"og:type\" content=\"article\" \/>\n<meta property=\"og:title\" content=\"Group menu - Kohvik Newton\" \/>\n<meta property=\"og:description\" content=\"R\u00fchmamen\u00fc\u00fcst saab toite valida nii koolituste l\u00f5unapausiks, kui ka suuremale seltskonnale l\u00f5una v\u00f5i \u00f5htus\u00f6\u00f6gi pakkumiseks\" \/>\n<meta property=\"og:url\" content=\"https:\/\/kohviknewton.ee\/en\/group-menu\/\" \/>\n<meta property=\"og:site_name\" content=\"Kohvik Newton\" \/>\n<meta property=\"article:publisher\" content=\"https:\/\/www.facebook.com\/newtonkohvik\" \/>\n<meta property=\"article:modified_time\" content=\"2024-01-07T15:35:17+00:00\" \/>\n<meta name=\"twitter:card\" content=\"summary_large_image\" \/>\n<meta name=\"twitter:label1\" content=\"Est. reading time\" \/>\n\t<meta name=\"twitter:data1\" content=\"1 minute\" \/>\n<script type=\"application\/ld+json\" class=\"yoast-schema-graph\">{\"@context\":\"https:\/\/schema.org\",\"@graph\":[{\"@type\":\"WebPage\",\"@id\":\"https:\/\/kohviknewton.ee\/en\/group-menu\/\",\"url\":\"https:\/\/kohviknewton.ee\/en\/group-menu\/\",\"name\":\"Group menu - Kohvik Newton\",\"isPartOf\":{\"@id\":\"https:\/\/kohviknewton.ee\/#website\"},\"datePublished\":\"2021-10-09T19:44:11+00:00\",\"dateModified\":\"2024-01-07T15:35:17+00:00\",\"description\":\"R\u00fchmamen\u00fc\u00fcst saab toite valida nii koolituste l\u00f5unapausiks, kui ka suuremale seltskonnale l\u00f5una v\u00f5i \u00f5htus\u00f6\u00f6gi pakkumiseks\",\"breadcrumb\":{\"@id\":\"https:\/\/kohviknewton.ee\/en\/group-menu\/#breadcrumb\"},\"inLanguage\":\"en-US\",\"potentialAction\":[{\"@type\":\"ReadAction\",\"target\":[\"https:\/\/kohviknewton.ee\/en\/group-menu\/\"]}]},{\"@type\":\"BreadcrumbList\",\"@id\":\"https:\/\/kohviknewton.ee\/en\/group-menu\/#breadcrumb\",\"itemListElement\":[{\"@type\":\"ListItem\",\"position\":1,\"name\":\"Home\",\"item\":\"https:\/\/kohviknewton.ee\/en\/\"},{\"@type\":\"ListItem\",\"position\":2,\"name\":\"Group menu\"}]},{\"@type\":\"WebSite\",\"@id\":\"https:\/\/kohviknewton.ee\/#website\",\"url\":\"https:\/\/kohviknewton.ee\/\",\"name\":\"Kohvik Newton\",\"description\":\"M\u00f5nus kohvik Tartu kesklinnas AHHAAkeskuses\",\"publisher\":{\"@id\":\"https:\/\/kohviknewton.ee\/#organization\"},\"potentialAction\":[{\"@type\":\"SearchAction\",\"target\":{\"@type\":\"EntryPoint\",\"urlTemplate\":\"https:\/\/kohviknewton.ee\/?s={search_term_string}\"},\"query-input\":{\"@type\":\"PropertyValueSpecification\",\"valueRequired\":true,\"valueName\":\"search_term_string\"}}],\"inLanguage\":\"en-US\"},{\"@type\":\"Organization\",\"@id\":\"https:\/\/kohviknewton.ee\/#organization\",\"name\":\"Kohvik Newton\",\"url\":\"https:\/\/kohviknewton.ee\/\",\"logo\":{\"@type\":\"ImageObject\",\"inLanguage\":\"en-US\",\"@id\":\"https:\/\/kohviknewton.ee\/#\/schema\/logo\/image\/\",\"url\":\"https:\/\/kohviknewton.ee\/wp-content\/uploads\/2021\/05\/cropped-newton_logo-black-1-2.png\",\"contentUrl\":\"https:\/\/kohviknewton.ee\/wp-content\/uploads\/2021\/05\/cropped-newton_logo-black-1-2.png\",\"width\":133,\"height\":82,\"caption\":\"Kohvik Newton\"},\"image\":{\"@id\":\"https:\/\/kohviknewton.ee\/#\/schema\/logo\/image\/\"},\"sameAs\":[\"https:\/\/www.facebook.com\/newtonkohvik\",\"https:\/\/www.instagram.com\/newtonkohvik\/\"]}]}<\/script>\n<!-- \/ Yoast SEO plugin. -->","yoast_head_json":{"title":"Group menu - Kohvik Newton","description":"R\u00fchmamen\u00fc\u00fcst saab toite valida nii koolituste l\u00f5unapausiks, kui ka suuremale seltskonnale l\u00f5una v\u00f5i \u00f5htus\u00f6\u00f6gi pakkumiseks","robots":{"index":"index","follow":"follow","max-snippet":"max-snippet:-1","max-image-preview":"max-image-preview:large","max-video-preview":"max-video-preview:-1"},"canonical":"https:\/\/kohviknewton.ee\/en\/group-menu\/","og_locale":"en_US","og_type":"article","og_title":"Group menu - Kohvik Newton","og_description":"R\u00fchmamen\u00fc\u00fcst saab toite valida nii koolituste l\u00f5unapausiks, kui ka suuremale seltskonnale l\u00f5una v\u00f5i \u00f5htus\u00f6\u00f6gi pakkumiseks","og_url":"https:\/\/kohviknewton.ee\/en\/group-menu\/","og_site_name":"Kohvik Newton","article_publisher":"https:\/\/www.facebook.com\/newtonkohvik","article_modified_time":"2024-01-07T15:35:17+00:00","twitter_card":"summary_large_image","twitter_misc":{"Est. reading time":"1 minute"},"schema":{"@context":"https:\/\/schema.org","@graph":[{"@type":"WebPage","@id":"https:\/\/kohviknewton.ee\/en\/group-menu\/","url":"https:\/\/kohviknewton.ee\/en\/group-menu\/","name":"Group menu - Kohvik Newton","isPartOf":{"@id":"https:\/\/kohviknewton.ee\/#website"},"datePublished":"2021-10-09T19:44:11+00:00","dateModified":"2024-01-07T15:35:17+00:00","description":"R\u00fchmamen\u00fc\u00fcst saab toite valida nii koolituste l\u00f5unapausiks, kui ka suuremale seltskonnale l\u00f5una v\u00f5i \u00f5htus\u00f6\u00f6gi pakkumiseks","breadcrumb":{"@id":"https:\/\/kohviknewton.ee\/en\/group-menu\/#breadcrumb"},"inLanguage":"en-US","potentialAction":[{"@type":"ReadAction","target":["https:\/\/kohviknewton.ee\/en\/group-menu\/"]}]},{"@type":"BreadcrumbList","@id":"https:\/\/kohviknewton.ee\/en\/group-menu\/#breadcrumb","itemListElement":[{"@type":"ListItem","position":1,"name":"Home","item":"https:\/\/kohviknewton.ee\/en\/"},{"@type":"ListItem","position":2,"name":"Group menu"}]},{"@type":"WebSite","@id":"https:\/\/kohviknewton.ee\/#website","url":"https:\/\/kohviknewton.ee\/","name":"Kohvik Newton","description":"M\u00f5nus kohvik Tartu kesklinnas AHHAAkeskuses","publisher":{"@id":"https:\/\/kohviknewton.ee\/#organization"},"potentialAction":[{"@type":"SearchAction","target":{"@type":"EntryPoint","urlTemplate":"https:\/\/kohviknewton.ee\/?s={search_term_string}"},"query-input":{"@type":"PropertyValueSpecification","valueRequired":true,"valueName":"search_term_string"}}],"inLanguage":"en-US"},{"@type":"Organization","@id":"https:\/\/kohviknewton.ee\/#organization","name":"Kohvik Newton","url":"https:\/\/kohviknewton.ee\/","logo":{"@type":"ImageObject","inLanguage":"en-US","@id":"https:\/\/kohviknewton.ee\/#\/schema\/logo\/image\/","url":"https:\/\/kohviknewton.ee\/wp-content\/uploads\/2021\/05\/cropped-newton_logo-black-1-2.png","contentUrl":"https:\/\/kohviknewton.ee\/wp-content\/uploads\/2021\/05\/cropped-newton_logo-black-1-2.png","width":133,"height":82,"caption":"Kohvik Newton"},"image":{"@id":"https:\/\/kohviknewton.ee\/#\/schema\/logo\/image\/"},"sameAs":["https:\/\/www.facebook.com\/newtonkohvik","https:\/\/www.instagram.com\/newtonkohvik\/"]}]}},"_links":{"self":[{"href":"https:\/\/kohviknewton.ee\/en\/wp-json\/wp\/v2\/pages\/1233","targetHints":{"allow":["GET"]}}],"collection":[{"href":"https:\/\/kohviknewton.ee\/en\/wp-json\/wp\/v2\/pages"}],"about":[{"href":"https:\/\/kohviknewton.ee\/en\/wp-json\/wp\/v2\/types\/page"}],"author":[{"embeddable":true,"href":"https:\/\/kohviknewton.ee\/en\/wp-json\/wp\/v2\/users\/2"}],"replies":[{"embeddable":true,"href":"https:\/\/kohviknewton.ee\/en\/wp-json\/wp\/v2\/comments?post=1233"}],"version-history":[{"count":4,"href":"https:\/\/kohviknewton.ee\/en\/wp-json\/wp\/v2\/pages\/1233\/revisions"}],"predecessor-version":[{"id":2262,"href":"https:\/\/kohviknewton.ee\/en\/wp-json\/wp\/v2\/pages\/1233\/revisions\/2262"}],"wp:attachment":[{"href":"https:\/\/kohviknewton.ee\/en\/wp-json\/wp\/v2\/media?parent=1233"}],"curies":[{"name":"wp","href":"https:\/\/api.w.org\/{rel}","templated":true}]}}