{"id":1235,"date":"2021-10-09T19:06:41","date_gmt":"2021-10-09T19:06:41","guid":{"rendered":"https:\/\/kohviknewton.ee\/buffeemenuu\/"},"modified":"2024-01-07T16:13:19","modified_gmt":"2024-01-07T16:13:19","slug":"shvedskij-stol","status":"publish","type":"page","link":"https:\/\/kohviknewton.ee\/ru\/shvedskij-stol\/","title":{"rendered":"\u0428\u0432\u0435\u0434\u0441\u043a\u0438\u0439 \u0441\u0442\u043e\u043b"},"content":{"rendered":"\n\n\t\u041c\u0435\u043d\u044e \u0448\u0432\u0435\u0434\u0441\u043a\u043e\u0433\u043e \u0441\u0442\u043e\u043b\u0430<br \/>\n\u041c\u0435\u043d\u044e \u0448\u0432\u0435\u0434\u0441\u043a\u043e\u0433\u043e \u0441\u0442\u043e\u043b\u0430 &#8212; \u0434\u043b\u044f \u043c\u0438\u043d. 20 \u0443\u0447\u0430\u0441\u0442\u043d\u0438\u043a\u043e\u0432. \u041c\u0435\u043d\u044e \u0434\u043e\u043b\u0436\u043d\u043e \u0431\u044b\u0442\u044c \u0437\u0430\u043a\u0430\u0437\u0430\u043d\u043e \u043d\u0435 \u043c\u0435\u043d\u0435\u0435 \u0447\u0435\u043c \u0437\u0430 72 \u0447\u0430\u0441\u0430.\n\t\t\t\t\t\t\t\t\t\t\u0428\u0432\u0435\u0434\u0441\u043a\u0438\u0439 \u0441\u0442\u043e\u043b \u0432\u0430\u0440\u0438\u0430\u043d\u0442 1\t\t\t\t\t\t\t\t\t\n\t\t\t16,00\n\t\t\t\t\t\t\t\t<p>\u0416\u0430\u0440\u0435\u043d\u0430\u044f \u0432 \u0434\u0443\u0445\u043e\u0432\u043a\u0435 \u0441\u0432\u0438\u043d\u0430\u044f \u043e\u0442\u0431\u0438\u0432\u043d\u0430\u044f \u043a\u0430\u0440\u0431\u043e\u043d\u0430\u0442<br \/>\u0421\u043e\u0443\u0441 \u043e\u0442 \u0441\u0442\u0435\u0439\u043a\u043e\u0432 <br \/>\u0417\u0430\u043f\u0435\u0447\u0435\u043d\u043d\u044b\u0439 \u043a\u0430\u0440\u0442\u043e\u0444\u0435\u043b\u044c <br \/>\u041e\u0432\u043e\u0449\u0438 \u043d\u0430 \u0433\u0440\u0438\u043b\u0435 <br \/><br \/>\u041f\u0438\u0440\u043e\u0433\u041a\u043e\u0444\u0435\/\u0447\u0430\u0439\/\u0432\u043e\u0434\u0430 \u0441\u043e \u043b\u044c\u0434\u043e\u043c <br \/>\u0425\u043b\u0435\u0431\u043d\u0430\u044f \u043a\u043e\u0440\u0437\u0438\u043d\u0430 \u0441 \u043c\u0430\u0441\u043b\u043e\u043c \u0441 \u0434\u043e\u043f\u043e\u043b\u043d\u0438\u0442\u0435\u043b\u044c\u043d\u044b\u043c \u0432\u043a\u0443\u0441\u043e\u043c<\/p>\t\t\t\t\t\t\t\t\n\t\t\t16,00\n\t\t\t\t\t\t\t\t\t\t\u0428\u0432\u0435\u0434\u0441\u043a\u0438\u0439 \u0441\u0442\u043e\u043b \u0432\u0430\u0440\u0438\u0430\u043d\u0442 2\t\t\t\t\t\t\t\t\t\n\t\t\t16,00\n\t\t\t\t\t\t\t\t<p>\u041c\u044f\u0441\u043e \u043a\u0443\u0440\u0438\u043d\u043e\u0439 \u043d\u043e\u0436\u043a\u0438, \u043c\u0430\u0440\u0438\u043d\u043e\u0432\u0430\u043d\u043d\u043e\u0435 \u0441 \u043c\u0435\u0434\u043e\u043c \u0438 \u0430\u043d\u0430\u043d\u0430\u0441\u043e\u043c\u0413\u043e\u0440\u0447\u0438\u0447\u043d\u044b\u0439 \u0441\u043e\u0443\u0441 <br \/>\u041a\u0430\u0440\u0442\u043e\u0444\u0435\u043b\u044c\u043d\u043e\u0435 \u043f\u044e\u0440\u0435<br \/>\u041e\u0432\u043e\u0449\u0438 \u043d\u0430 \u0433\u0440\u0438\u043b\u0435\u041f\u0438\u0440\u043e\u0433<br \/>\u041a\u043e\u0444\u0435\/\u0447\u0430\u0439\/\u0432\u043e\u0434\u0430 \u0441\u043e \u043b\u044c\u0434\u043e\u043c <br \/>\u0425\u043b\u0435\u0431\u043d\u0430\u044f \u043a\u043e\u0440\u0437\u0438\u043d\u0430 \u0441 \u043c\u0430\u0441\u043b\u043e\u043c \u0441 \u0434\u043e\u043f\u043e\u043b\u043d\u0438\u0442\u0435\u043b\u044c\u043d\u044b\u043c \u0432\u043a\u0443\u0441\u043e\u043c<\/p>\t\t\t\t\t\t\t\t\n\t\t\t16,00\n\t\t\t\t\t\t\t\t\t\t\u0428\u0432\u0435\u0434\u0441\u043a\u0438\u0439 \u0441\u0442\u043e\u043b \u0432\u0430\u0440\u0438\u0430\u043d\u0442 3\t\t\t\t\t\t\t\t\t\n\t\t\t20,00\n\t\t\t\t\t\t\t\t<p>\u0424\u0438\u043b\u0435 \u0431\u0435\u043b\u043e\u0439 \u0440\u044b\u0431\u044b, \u043e\u0431\u0436\u0430\u0440\u0435\u043d\u043d\u043e\u0435 \u0441 \u043c\u0430\u0441\u043b\u043e\u043c \u0441 \u0442\u0440\u0430\u0432\u0430\u043c\u0438 \u0438 \u043b\u0438\u043c\u043e\u043d\u043e\u043c <br \/>\u0421\u0432\u0438\u043d\u043e\u0435 \u0444\u0438\u043b\u0435, \u0437\u0430\u043c\u0430\u0440\u0438\u043d\u043e\u0432\u0430\u043d\u043d\u043e\u0435 \u0432 \u043c\u0430\u0440\u0438\u043d\u0430\u0434\u0435 \u0442\u0435\u0440\u0438\u044f\u043a\u0438\u0421\u043b\u0438\u0432\u043e\u0447\u043d\u044b\u0439 \u0441\u043e\u0443\u0441 <br \/>\u041a\u0430\u0440\u0442\u043e\u0444\u0435\u043b\u044c, \u0437\u0430\u043f\u0435\u0447\u0435\u043d\u043d\u044b\u0439 \u0441 \u0441\u044b\u0440\u043e\u043c <br \/>\u041e\u0432\u043e\u0449\u0438 \u043d\u0430 \u0433\u0440\u0438\u043b\u0435 <br \/><br \/>\u041f\u0438\u0440\u043e\u0433<br \/>\u041a\u043e\u0444\u0435\/\u0447\u0430\u0439\/\u0432\u043e\u0434\u0430 \u0441\u043e \u043b\u044c\u0434\u043e\u043c <br \/>\u0425\u043b\u0435\u0431\u043d\u0430\u044f \u043a\u043e\u0440\u0437\u0438\u043d\u0430 \u0441 \u043c\u0430\u0441\u043b\u043e\u043c \u0441 \u0434\u043e\u043f\u043e\u043b\u043d\u0438\u0442\u0435\u043b\u044c\u043d\u044b\u043c \u0432\u043a\u0443\u0441\u043e\u043c<\/p>\t\t\t\t\t\t\t\t\n\t\t\t20,00\n\t\t\t\t\t\t\t\t\t\t\u0428\u0432\u0435\u0434\u0441\u043a\u0438\u0439 \u0441\u0442\u043e\u043b \u0432\u0430\u0440\u0438\u0430\u043d\u0442 4\t\t\t\t\t\t\t\t\t\n\t\t\t25,00\n\t\t\t\t\t\t\t\t<p>\u0424\u0438\u043b\u0435 \u043b\u043e\u0441\u043e\u0441\u044f, \u043e\u0442\u0432\u0430\u0440\u0435\u043d\u043d\u043e\u0435 \u0432 \u0431\u0435\u043b\u043e\u043c \u0432\u0438\u043d\u0435 <br \/>\u0421\u0432\u0438\u043d\u0430\u044f \u0432\u044b\u0440\u0435\u0437\u043a\u0430 \u043d\u0430 \u0433\u0440\u0438\u043b\u0435 <br \/>\u0421\u044b\u0440\u043d\u044b\u0439 \u0441\u043e\u0443\u0441 <br \/>\u041f\u044e\u0440\u0435 \u0438\u0437 \u043a\u0430\u0440\u0442\u043e\u0444\u0435\u043b\u044f \u0438 \u043f\u0430\u0441\u0442\u0435\u0440\u043d\u0430\u043a\u0430 <br \/>\u041f\u0435\u0440\u043b\u043e\u0432\u044b\u0439 \u043a\u0443\u0441\u043a\u0443\u0441 \u0441 \u0432\u044f\u043b\u0435\u043d\u044b\u043c\u0438 \u043f\u043e\u043c\u0438\u0434\u043e\u0440\u0430\u043c\u0438 <br \/>\u0422\u0435\u043f\u043b\u044b\u0439 \u043e\u0432\u043e\u0449\u043d\u043e\u0439 \u0441\u0430\u043b\u0430\u0442: \u0446\u0432\u0435\u0442\u043d\u0430\u044f \u043a\u0430\u043f\u0443\u0441\u0442\u0430, \u0431\u0440\u043e\u043a\u043a\u043e\u043b\u0438, \u0440\u0435\u043f\u0430, \u043f\u0430\u043f\u0440\u0438\u043a\u0430 <br \/><br \/>\u041f\u0438\u0440\u043e\u0433\u041a\u043e\u0444\u0435\/\u0447\u0430\u0439\/\u0432\u043e\u0434\u0430 \u0441\u043e \u043b\u044c\u0434\u043e\u043c <br \/>\u0425\u043b\u0435\u0431\u043d\u0430\u044f \u043a\u043e\u0440\u0437\u0438\u043d\u0430 \u0441 \u043c\u0430\u0441\u043b\u043e\u043c \u0441 \u0434\u043e\u043f\u043e\u043b\u043d\u0438\u0442\u0435\u043b\u044c\u043d\u044b\u043c \u0432\u043a\u0443\u0441\u043e\u043c<\/p>\t\t\t\t\t\t\t\t\n\t\t\t25,00\n\t\t\t\t\t\t\t\t\t\t\u0428\u0432\u0435\u0434\u0441\u043a\u0438\u0439 \u0441\u0442\u043e\u043b \u0432\u0430\u0440\u0438\u0430\u043d\u0442 5\t\t\t\t\t\t\t\t\t\n\t\t\t19,00\n\t\t\t\t\t\t\t\t<p>\u041a\u0430\u0440\u0440\u0438 \u0438\u0437 \u043d\u0443\u0442\u0430 <br \/>\u0411\u0430\u043a\u043b\u0430\u0436\u0430\u043d \u0430 \u0433\u0440\u0438\u043b\u0435 <br \/>\u0416\u0430\u0440\u0435\u043d\u044b\u0439 \u0440\u0438\u0441 \u0441 \u0446\u0432\u0435\u0442\u043d\u043e\u0439 \u043a\u0430\u043f\u0443\u0441\u0442\u043e\u0439 \u0438 \u0431\u0440\u043e\u043a\u043a\u043e\u043b\u0438 <br \/>\u0421\u043e\u0443\u0441 \u0441 \u0437\u0435\u043b\u0435\u043d\u044c\u044e <br \/>\u0416\u0430\u0440\u0435\u043d\u044b\u0435 \u0432 \u0432\u043e\u043a\u0435 \u043e\u0432\u043e\u0449\u0438: \u0444\u0430\u0441\u043e\u043b\u044c, \u043f\u0430\u043f\u0440\u0438\u043a\u0430, \u0431\u0440\u043e\u043a\u043a\u043e\u043b\u0438, \u0446\u0432\u0435\u0442\u043d\u0430\u044f \u043c\u043e\u0440\u043a\u043e\u0432\u044c <br \/><br \/>\u0412\u0435\u0433\u0430\u043d\u0441\u043a\u0438\u0439 \u044f\u0431\u043b\u043e\u0447\u043d\u044b\u0439 \u043f\u0438\u0440\u043e\u0433 <br \/>\u041a\u043e\u0444\u0435\/\u0447\u0430\u0439\/\u0432\u043e\u0434\u0430 \u0441\u043e \u043b\u044c\u0434\u043e\u043c<br \/>\u0425\u043b\u0435\u0431\u043d\u0430\u044f \u043a\u043e\u0440\u0437\u0438\u043d\u0430 \u0441 \u043c\u0430\u0441\u043b\u043e\u043c \u0441 \u0434\u043e\u043f\u043e\u043b\u043d\u0438\u0442\u0435\u043b\u044c\u043d\u044b\u043c \u0432\u043a\u0443\u0441\u043e\u043c<\/p>\t\t\t\t\t\t\t\t\n\t\t\t19,00\n\n","protected":false},"excerpt":{"rendered":"<p>\u041c\u0435\u043d\u044e \u0448\u0432\u0435\u0434\u0441\u043a\u043e\u0433\u043e \u0441\u0442\u043e\u043b\u0430 \u041c\u0435\u043d\u044e \u0448\u0432\u0435\u0434\u0441\u043a\u043e\u0433\u043e \u0441\u0442\u043e\u043b\u0430 &#8212; \u0434\u043b\u044f \u043c\u0438\u043d. 20 \u0443\u0447\u0430\u0441\u0442\u043d\u0438\u043a\u043e\u0432. \u041c\u0435\u043d\u044e \u0434\u043e\u043b\u0436\u043d\u043e \u0431\u044b\u0442\u044c \u0437\u0430\u043a\u0430\u0437\u0430\u043d\u043e \u043d\u0435 \u043c\u0435\u043d\u0435\u0435 \u0447\u0435\u043c \u0437\u0430 72 \u0447\u0430\u0441\u0430. \u0428\u0432\u0435\u0434\u0441\u043a\u0438\u0439 \u0441\u0442\u043e\u043b \u0432\u0430\u0440\u0438\u0430\u043d\u0442 1 16,00 \u0416\u0430\u0440\u0435\u043d\u0430\u044f \u0432 \u0434\u0443\u0445\u043e\u0432\u043a\u0435 \u0441\u0432\u0438\u043d\u0430\u044f \u043e\u0442\u0431\u0438\u0432\u043d\u0430\u044f \u043a\u0430\u0440\u0431\u043e\u043d\u0430\u0442\u0421\u043e\u0443\u0441 \u043e\u0442 \u0441\u0442\u0435\u0439\u043a\u043e\u0432 \u0417\u0430\u043f\u0435\u0447\u0435\u043d\u043d\u044b\u0439 \u043a\u0430\u0440\u0442\u043e\u0444\u0435\u043b\u044c \u041e\u0432\u043e\u0449\u0438 \u043d\u0430 \u0433\u0440\u0438\u043b\u0435 \u041f\u0438\u0440\u043e\u0433\u041a\u043e\u0444\u0435\/\u0447\u0430\u0439\/\u0432\u043e\u0434\u0430 \u0441\u043e \u043b\u044c\u0434\u043e\u043c \u0425\u043b\u0435\u0431\u043d\u0430\u044f \u043a\u043e\u0440\u0437\u0438\u043d\u0430 \u0441 \u043c\u0430\u0441\u043b\u043e\u043c \u0441 \u0434\u043e\u043f\u043e\u043b\u043d\u0438\u0442\u0435\u043b\u044c\u043d\u044b\u043c \u0432\u043a\u0443\u0441\u043e\u043c 16,00 \u0428\u0432\u0435\u0434\u0441\u043a\u0438\u0439 \u0441\u0442\u043e\u043b \u0432\u0430\u0440\u0438\u0430\u043d\u0442 2 16,00 &hellip;<\/p>\n<p class=\"read-more\"> <a class=\"\" href=\"https:\/\/kohviknewton.ee\/ru\/shvedskij-stol\/\"> <span class=\"screen-reader-text\">\u0428\u0432\u0435\u0434\u0441\u043a\u0438\u0439 \u0441\u0442\u043e\u043b<\/span> \u0427\u0438\u0442\u0430\u0442\u044c \u0434\u0430\u043b\u0435\u0435 &raquo;<\/a><\/p>\n","protected":false},"author":2,"featured_media":1236,"parent":0,"menu_order":0,"comment_status":"closed","ping_status":"closed","template":"","meta":{"site-sidebar-layout":"default","site-content-layout":"default","ast-global-header-display":"","ast-main-header-display":"","ast-hfb-above-header-display":"","ast-hfb-below-header-display":"","ast-hfb-mobile-header-display":"","site-post-title":"","ast-breadcrumbs-content":"","ast-featured-img":"","footer-sml-layout":"","theme-transparent-header-meta":"default","adv-header-id-meta":"","stick-header-meta":"","header-above-stick-meta":"","header-main-stick-meta":"","header-below-stick-meta":"","footnotes":""},"class_list":["post-1235","page","type-page","status-publish","has-post-thumbnail","hentry"],"yoast_head":"<!-- This site is optimized with the Yoast SEO plugin v25.3.1 - https:\/\/yoast.com\/wordpress\/plugins\/seo\/ -->\n<title>\u0428\u0432\u0435\u0434\u0441\u043a\u0438\u0439 \u0441\u0442\u043e\u043b - Kohvik Newton<\/title>\n<meta name=\"description\" content=\"Pakume gruppidele erinevaid variante buffeetoitlustuse l\u00e4biviimiseks. Men\u00fc\u00fcd on v\u00f5imalik muuta ja t\u00e4iendada vastavalt kliendi soovidele\" \/>\n<meta name=\"robots\" content=\"index, follow, max-snippet:-1, max-image-preview:large, max-video-preview:-1\" \/>\n<link rel=\"canonical\" href=\"https:\/\/kohviknewton.ee\/ru\/shvedskij-stol\/\" \/>\n<meta property=\"og:locale\" content=\"ru_RU\" \/>\n<meta property=\"og:type\" content=\"article\" \/>\n<meta property=\"og:title\" content=\"\u0428\u0432\u0435\u0434\u0441\u043a\u0438\u0439 \u0441\u0442\u043e\u043b - Kohvik Newton\" \/>\n<meta property=\"og:description\" content=\"Pakume gruppidele erinevaid variante buffeetoitlustuse l\u00e4biviimiseks. Men\u00fc\u00fcd on v\u00f5imalik muuta ja t\u00e4iendada vastavalt kliendi soovidele\" \/>\n<meta property=\"og:url\" content=\"https:\/\/kohviknewton.ee\/ru\/shvedskij-stol\/\" \/>\n<meta property=\"og:site_name\" content=\"Kohvik Newton\" \/>\n<meta property=\"article:publisher\" content=\"https:\/\/www.facebook.com\/newtonkohvik\" \/>\n<meta property=\"article:modified_time\" content=\"2024-01-07T16:13:19+00:00\" \/>\n<meta property=\"og:image\" content=\"https:\/\/kohviknewton.ee\/wp-content\/uploads\/2021\/05\/Nimetu-kujundus-2.png\" \/>\n\t<meta property=\"og:image:width\" content=\"1920\" \/>\n\t<meta property=\"og:image:height\" content=\"600\" \/>\n\t<meta property=\"og:image:type\" content=\"image\/png\" \/>\n<meta name=\"twitter:card\" content=\"summary_large_image\" \/>\n<script type=\"application\/ld+json\" class=\"yoast-schema-graph\">{\"@context\":\"https:\/\/schema.org\",\"@graph\":[{\"@type\":\"WebPage\",\"@id\":\"https:\/\/kohviknewton.ee\/ru\/shvedskij-stol\/\",\"url\":\"https:\/\/kohviknewton.ee\/ru\/shvedskij-stol\/\",\"name\":\"\u0428\u0432\u0435\u0434\u0441\u043a\u0438\u0439 \u0441\u0442\u043e\u043b - Kohvik Newton\",\"isPartOf\":{\"@id\":\"https:\/\/kohviknewton.ee\/#website\"},\"primaryImageOfPage\":{\"@id\":\"https:\/\/kohviknewton.ee\/ru\/shvedskij-stol\/#primaryimage\"},\"image\":{\"@id\":\"https:\/\/kohviknewton.ee\/ru\/shvedskij-stol\/#primaryimage\"},\"thumbnailUrl\":\"https:\/\/kohviknewton.ee\/wp-content\/uploads\/2021\/05\/Nimetu-kujundus-2.png\",\"datePublished\":\"2021-10-09T19:06:41+00:00\",\"dateModified\":\"2024-01-07T16:13:19+00:00\",\"description\":\"Pakume gruppidele erinevaid variante buffeetoitlustuse l\u00e4biviimiseks. Men\u00fc\u00fcd on v\u00f5imalik muuta ja t\u00e4iendada vastavalt kliendi soovidele\",\"breadcrumb\":{\"@id\":\"https:\/\/kohviknewton.ee\/ru\/shvedskij-stol\/#breadcrumb\"},\"inLanguage\":\"ru-RU\",\"potentialAction\":[{\"@type\":\"ReadAction\",\"target\":[\"https:\/\/kohviknewton.ee\/ru\/shvedskij-stol\/\"]}]},{\"@type\":\"ImageObject\",\"inLanguage\":\"ru-RU\",\"@id\":\"https:\/\/kohviknewton.ee\/ru\/shvedskij-stol\/#primaryimage\",\"url\":\"https:\/\/kohviknewton.ee\/wp-content\/uploads\/2021\/05\/Nimetu-kujundus-2.png\",\"contentUrl\":\"https:\/\/kohviknewton.ee\/wp-content\/uploads\/2021\/05\/Nimetu-kujundus-2.png\",\"width\":1920,\"height\":600},{\"@type\":\"BreadcrumbList\",\"@id\":\"https:\/\/kohviknewton.ee\/ru\/shvedskij-stol\/#breadcrumb\",\"itemListElement\":[{\"@type\":\"ListItem\",\"position\":1,\"name\":\"Home\",\"item\":\"https:\/\/kohviknewton.ee\/ru\/\"},{\"@type\":\"ListItem\",\"position\":2,\"name\":\"\u0428\u0432\u0435\u0434\u0441\u043a\u0438\u0439 \u0441\u0442\u043e\u043b\"}]},{\"@type\":\"WebSite\",\"@id\":\"https:\/\/kohviknewton.ee\/#website\",\"url\":\"https:\/\/kohviknewton.ee\/\",\"name\":\"Kohvik Newton\",\"description\":\"M\u00f5nus kohvik Tartu kesklinnas AHHAAkeskuses\",\"publisher\":{\"@id\":\"https:\/\/kohviknewton.ee\/#organization\"},\"potentialAction\":[{\"@type\":\"SearchAction\",\"target\":{\"@type\":\"EntryPoint\",\"urlTemplate\":\"https:\/\/kohviknewton.ee\/?s={search_term_string}\"},\"query-input\":{\"@type\":\"PropertyValueSpecification\",\"valueRequired\":true,\"valueName\":\"search_term_string\"}}],\"inLanguage\":\"ru-RU\"},{\"@type\":\"Organization\",\"@id\":\"https:\/\/kohviknewton.ee\/#organization\",\"name\":\"Kohvik Newton\",\"url\":\"https:\/\/kohviknewton.ee\/\",\"logo\":{\"@type\":\"ImageObject\",\"inLanguage\":\"ru-RU\",\"@id\":\"https:\/\/kohviknewton.ee\/#\/schema\/logo\/image\/\",\"url\":\"https:\/\/kohviknewton.ee\/wp-content\/uploads\/2021\/05\/cropped-newton_logo-black-1-2.png\",\"contentUrl\":\"https:\/\/kohviknewton.ee\/wp-content\/uploads\/2021\/05\/cropped-newton_logo-black-1-2.png\",\"width\":133,\"height\":82,\"caption\":\"Kohvik Newton\"},\"image\":{\"@id\":\"https:\/\/kohviknewton.ee\/#\/schema\/logo\/image\/\"},\"sameAs\":[\"https:\/\/www.facebook.com\/newtonkohvik\",\"https:\/\/www.instagram.com\/newtonkohvik\/\"]}]}<\/script>\n<!-- \/ Yoast SEO plugin. -->","yoast_head_json":{"title":"\u0428\u0432\u0435\u0434\u0441\u043a\u0438\u0439 \u0441\u0442\u043e\u043b - Kohvik Newton","description":"Pakume gruppidele erinevaid variante buffeetoitlustuse l\u00e4biviimiseks. Men\u00fc\u00fcd on v\u00f5imalik muuta ja t\u00e4iendada vastavalt kliendi soovidele","robots":{"index":"index","follow":"follow","max-snippet":"max-snippet:-1","max-image-preview":"max-image-preview:large","max-video-preview":"max-video-preview:-1"},"canonical":"https:\/\/kohviknewton.ee\/ru\/shvedskij-stol\/","og_locale":"ru_RU","og_type":"article","og_title":"\u0428\u0432\u0435\u0434\u0441\u043a\u0438\u0439 \u0441\u0442\u043e\u043b - Kohvik Newton","og_description":"Pakume gruppidele erinevaid variante buffeetoitlustuse l\u00e4biviimiseks. Men\u00fc\u00fcd on v\u00f5imalik muuta ja t\u00e4iendada vastavalt kliendi soovidele","og_url":"https:\/\/kohviknewton.ee\/ru\/shvedskij-stol\/","og_site_name":"Kohvik Newton","article_publisher":"https:\/\/www.facebook.com\/newtonkohvik","article_modified_time":"2024-01-07T16:13:19+00:00","og_image":[{"width":1920,"height":600,"url":"https:\/\/kohviknewton.ee\/wp-content\/uploads\/2021\/05\/Nimetu-kujundus-2.png","type":"image\/png"}],"twitter_card":"summary_large_image","schema":{"@context":"https:\/\/schema.org","@graph":[{"@type":"WebPage","@id":"https:\/\/kohviknewton.ee\/ru\/shvedskij-stol\/","url":"https:\/\/kohviknewton.ee\/ru\/shvedskij-stol\/","name":"\u0428\u0432\u0435\u0434\u0441\u043a\u0438\u0439 \u0441\u0442\u043e\u043b - Kohvik Newton","isPartOf":{"@id":"https:\/\/kohviknewton.ee\/#website"},"primaryImageOfPage":{"@id":"https:\/\/kohviknewton.ee\/ru\/shvedskij-stol\/#primaryimage"},"image":{"@id":"https:\/\/kohviknewton.ee\/ru\/shvedskij-stol\/#primaryimage"},"thumbnailUrl":"https:\/\/kohviknewton.ee\/wp-content\/uploads\/2021\/05\/Nimetu-kujundus-2.png","datePublished":"2021-10-09T19:06:41+00:00","dateModified":"2024-01-07T16:13:19+00:00","description":"Pakume gruppidele erinevaid variante buffeetoitlustuse l\u00e4biviimiseks. Men\u00fc\u00fcd on v\u00f5imalik muuta ja t\u00e4iendada vastavalt kliendi soovidele","breadcrumb":{"@id":"https:\/\/kohviknewton.ee\/ru\/shvedskij-stol\/#breadcrumb"},"inLanguage":"ru-RU","potentialAction":[{"@type":"ReadAction","target":["https:\/\/kohviknewton.ee\/ru\/shvedskij-stol\/"]}]},{"@type":"ImageObject","inLanguage":"ru-RU","@id":"https:\/\/kohviknewton.ee\/ru\/shvedskij-stol\/#primaryimage","url":"https:\/\/kohviknewton.ee\/wp-content\/uploads\/2021\/05\/Nimetu-kujundus-2.png","contentUrl":"https:\/\/kohviknewton.ee\/wp-content\/uploads\/2021\/05\/Nimetu-kujundus-2.png","width":1920,"height":600},{"@type":"BreadcrumbList","@id":"https:\/\/kohviknewton.ee\/ru\/shvedskij-stol\/#breadcrumb","itemListElement":[{"@type":"ListItem","position":1,"name":"Home","item":"https:\/\/kohviknewton.ee\/ru\/"},{"@type":"ListItem","position":2,"name":"\u0428\u0432\u0435\u0434\u0441\u043a\u0438\u0439 \u0441\u0442\u043e\u043b"}]},{"@type":"WebSite","@id":"https:\/\/kohviknewton.ee\/#website","url":"https:\/\/kohviknewton.ee\/","name":"Kohvik Newton","description":"M\u00f5nus kohvik Tartu kesklinnas AHHAAkeskuses","publisher":{"@id":"https:\/\/kohviknewton.ee\/#organization"},"potentialAction":[{"@type":"SearchAction","target":{"@type":"EntryPoint","urlTemplate":"https:\/\/kohviknewton.ee\/?s={search_term_string}"},"query-input":{"@type":"PropertyValueSpecification","valueRequired":true,"valueName":"search_term_string"}}],"inLanguage":"ru-RU"},{"@type":"Organization","@id":"https:\/\/kohviknewton.ee\/#organization","name":"Kohvik Newton","url":"https:\/\/kohviknewton.ee\/","logo":{"@type":"ImageObject","inLanguage":"ru-RU","@id":"https:\/\/kohviknewton.ee\/#\/schema\/logo\/image\/","url":"https:\/\/kohviknewton.ee\/wp-content\/uploads\/2021\/05\/cropped-newton_logo-black-1-2.png","contentUrl":"https:\/\/kohviknewton.ee\/wp-content\/uploads\/2021\/05\/cropped-newton_logo-black-1-2.png","width":133,"height":82,"caption":"Kohvik Newton"},"image":{"@id":"https:\/\/kohviknewton.ee\/#\/schema\/logo\/image\/"},"sameAs":["https:\/\/www.facebook.com\/newtonkohvik","https:\/\/www.instagram.com\/newtonkohvik\/"]}]}},"_links":{"self":[{"href":"https:\/\/kohviknewton.ee\/ru\/wp-json\/wp\/v2\/pages\/1235","targetHints":{"allow":["GET"]}}],"collection":[{"href":"https:\/\/kohviknewton.ee\/ru\/wp-json\/wp\/v2\/pages"}],"about":[{"href":"https:\/\/kohviknewton.ee\/ru\/wp-json\/wp\/v2\/types\/page"}],"author":[{"embeddable":true,"href":"https:\/\/kohviknewton.ee\/ru\/wp-json\/wp\/v2\/users\/2"}],"replies":[{"embeddable":true,"href":"https:\/\/kohviknewton.ee\/ru\/wp-json\/wp\/v2\/comments?post=1235"}],"version-history":[{"count":3,"href":"https:\/\/kohviknewton.ee\/ru\/wp-json\/wp\/v2\/pages\/1235\/revisions"}],"predecessor-version":[{"id":2268,"href":"https:\/\/kohviknewton.ee\/ru\/wp-json\/wp\/v2\/pages\/1235\/revisions\/2268"}],"wp:featuredmedia":[{"embeddable":true,"href":"https:\/\/kohviknewton.ee\/ru\/wp-json\/wp\/v2\/media\/1236"}],"wp:attachment":[{"href":"https:\/\/kohviknewton.ee\/ru\/wp-json\/wp\/v2\/media?parent=1235"}],"curies":[{"name":"wp","href":"https:\/\/api.w.org\/{rel}","templated":true}]}}