{"id":1252,"date":"2021-09-14T12:44:35","date_gmt":"2021-09-14T12:44:35","guid":{"rendered":"https:\/\/kohviknewton.ee\/laste-sunnipaevad\/"},"modified":"2024-08-25T07:48:33","modified_gmt":"2024-08-25T07:48:33","slug":"detskije-dni-rozhdenija","status":"publish","type":"page","link":"https:\/\/kohviknewton.ee\/ru\/detskije-dni-rozhdenija\/","title":{"rendered":"\u0414\u0435\u0442\u0441\u043a\u0438\u0435 \u0434\u043d\u0438 \u0440\u043e\u0436\u0434\u0435\u043d\u0438\u044f"},"content":{"rendered":"\n\n\t\t\t\t<img loading=\"lazy\" decoding=\"async\" src=\"https:\/\/kohviknewton.ee\/wp-content\/uploads\/2023\/11\/Vintage-cake-225x300.jpg\" alt=\"Vintage cake\" itemprop=\"image\" height=\"300\" width=\"225\" title=\"Vintage cake\" onerror=\"this.style.display='none'\"  \/>\n\t<p>\u041c\u044b \u043f\u0440\u0435\u0434\u043b\u0430\u0433\u0430\u0435\u043c \u0432\u043e\u0437\u043c\u043e\u0436\u043d\u043e\u0441\u0442\u044c \u0437\u0430\u043a\u0430\u0437\u0430\u0442\u044c \u043a\u0435\u0439\u0442\u0435\u0440\u0438\u043d\u0433 \u0434\u043b\u044f \u0434\u0435\u0442\u0441\u043a\u043e\u0433\u043e \u0434\u043d\u044f \u0440\u043e\u0436\u0434\u0435\u043d\u0438\u044f. \u041b\u0438\u0431\u043e \u0434\u043b\u044f \u0442\u0435\u0445, \u043a\u043e\u0442\u043e\u0440\u044b\u0435 \u0432\u044b \u043e\u0440\u0433\u0430\u043d\u0438\u0437\u0443\u0435\u0442\u0435 \u0432 \u043d\u0430\u0443\u0447\u043d\u043e\u043c \u0446\u0435\u043d\u0442\u0440\u0435 AHHAA, \u043b\u0438\u0431\u043e \u0432 \u0432\u0430\u043c\u0438 \u0432\u044b\u0431\u0440\u0430\u043d\u043d\u043e\u043c \u043c\u0435\u0441\u0442\u0435 (\u0434\u043e\u043c\u0430, \u043d\u0430 \u0434\u0435\u0442\u0441\u043a\u043e\u0439 \u043f\u043b\u043e\u0449\u0430\u0434\u043a\u0435&#8230;).<\/p>\n<p>\u0417\u0430\u043a\u0430\u0437\u044b\u0432\u0430\u044f \u0435\u0434\u0443 \u0434\u043b\u044f \u043f\u0440\u0430\u0437\u0434\u043d\u043e\u0432\u0430\u043d\u0438\u044f \u0434\u043d\u044f \u0440\u043e\u0436\u0434\u0435\u043d\u0438\u044f \u0443 \u043d\u0430\u0441, \u0432\u044b \u043c\u043e\u0436\u0435\u0442\u0435 \u0431\u044b\u0442\u044c \u0443\u0432\u0435\u0440\u0435\u043d\u044b, \u0447\u0442\u043e \u0432\u0441\u0435 \u043d\u0435\u043e\u0431\u0445\u043e\u0434\u0438\u043c\u043e\u0435 \u0431\u0443\u0434\u0435\u0442 \u0433\u043e\u0442\u043e\u0432\u043e \u043a \u0432\u0430\u0448\u0435\u043c\u0443 \u043f\u0440\u0438\u0445\u043e\u0434\u0443. \u042d\u0442\u043e \u0443\u0434\u043e\u0431\u043d\u043e \u0434\u043b\u044f \u0432\u0430\u0441 \u0438 \u044d\u043a\u043e\u043d\u043e\u043c\u0438\u0442 \u0432\u0440\u0435\u043c\u044f.<\/p>\n<p>\u041c\u044b \u043d\u0430\u043a\u0440\u043e\u0435\u043c \u0441\u0442\u043e\u043b, \u0438 \u043c\u044b \u0432\u0441\u0435\u0433\u0434\u0430 \u043d\u0430\u0445\u043e\u0434\u0438\u043c\u0441\u044f \u0432 \u043a\u0430\u0444\u0435 \u00ab\u041d\u044c\u044e\u0442\u043e\u043d\u00bb, \u0435\u0441\u043b\u0438 \u0443 \u0432\u0430\u0441 \u0432\u043e\u0437\u043d\u0438\u043a\u043d\u0443\u0442 \u0432\u043e\u043f\u0440\u043e\u0441\u044b \u0438\u043b\u0438 \u0434\u043e\u043f\u043e\u043b\u043d\u0438\u0442\u0435\u043b\u044c\u043d\u044b\u0435 \u043f\u043e\u0436\u0435\u043b\u0430\u043d\u0438\u044f. \u0412\u044b \u0442\u0430\u043a\u0436\u0435 \u043c\u043e\u0436\u0435\u0442\u0435 \u043e\u0441\u0442\u0430\u0432\u0438\u0442\u044c \u0443\u0431\u043e\u0440\u043a\u0443 \u043f\u043e\u043c\u0435\u0449\u0435\u043d\u0438\u044f \u043f\u043e\u0441\u043b\u0435 \u0432\u0435\u0447\u0435\u0440\u0438\u043d\u043a\u0438 \u043d\u0430 \u043d\u0430\u0441.<\/p>\n<p>\u0412 \u0434\u043e\u043f\u043e\u043b\u043d\u0435\u043d\u0438\u0435 \u043a\u043e \u0432\u0441\u0435\u043c\u0443 \u044d\u0442\u043e\u043c\u0443 \u0432\u044b \u0442\u0430\u043a\u0436\u0435 \u043c\u043e\u0436\u0435\u0442\u0435 \u0437\u0430\u043a\u0430\u0437\u0430\u0442\u044c \u0443 \u043d\u0430\u0441 \u0442\u043e\u0440\u0442\u044b \u0438 \u043f\u0438\u0440\u043e\u0436\u043d\u044b\u0435. \u041f\u043e \u0432\u0430\u0448\u0435\u043c\u0443 \u0436\u0435\u043b\u0430\u043d\u0438\u044e \u043c\u044b \u043c\u043e\u0436\u0435\u043c \u043f\u0440\u0438\u0433\u043e\u0442\u043e\u0432\u0438\u0442\u044c \u0438\u043d\u0434\u0438\u0432\u0438\u0434\u0443\u0430\u043b\u044c\u043d\u044b\u0439 \u0442\u043e\u0440\u0442, \u043a\u043e\u0442\u043e\u0440\u044b\u0439 \u043f\u0440\u0438\u0434\u0435\u0442\u0441\u044f \u0432\u0430\u043c \u043f\u043e \u0432\u043a\u0443\u0441\u0443. \u0415\u0441\u043b\u0438 \u0432\u044b \u0445\u043e\u0442\u0438\u0442\u0435 \u0437\u0430\u043a\u0430\u0437\u0430\u0442\u044c \u0442\u043e\u0440\u0442, \u043f\u043e\u0436\u0430\u043b\u0443\u0439\u0441\u0442\u0430, \u0441\u0432\u044f\u0436\u0438\u0442\u0435\u0441\u044c \u0441 \u043d\u0430\u043c\u0438 \u0437\u0430\u0431\u043b\u0430\u0433\u043e\u0432\u0440\u0435\u043c\u0435\u043d\u043d\u043e, \u0447\u0442\u043e\u0431\u044b \u0443 \u043d\u0430\u0441 \u0431\u044b\u043b\u0430 \u043d\u0430\u0438\u043b\u0443\u0447\u0448\u0430\u044f \u0432\u043e\u0437\u043c\u043e\u0436\u043d\u043e\u0441\u0442\u044c \u043d\u0430\u0447\u0430\u0442\u044c \u043f\u043e\u0434\u0433\u043e\u0442\u043e\u0432\u043a\u0443 \u043a \u0432\u044b\u043f\u0435\u0447\u043a\u0435 \u0438 \u0443\u043a\u0440\u0430\u0448\u0435\u043d\u0438\u044e \u0442\u043e\u0440\u0442\u0430.<\/p>\n\n","protected":false},"excerpt":{"rendered":"<p>\u041c\u044b \u043f\u0440\u0435\u0434\u043b\u0430\u0433\u0430\u0435\u043c \u0432\u043e\u0437\u043c\u043e\u0436\u043d\u043e\u0441\u0442\u044c \u0437\u0430\u043a\u0430\u0437\u0430\u0442\u044c \u043a\u0435\u0439\u0442\u0435\u0440\u0438\u043d\u0433 \u0434\u043b\u044f \u0434\u0435\u0442\u0441\u043a\u043e\u0433\u043e \u0434\u043d\u044f \u0440\u043e\u0436\u0434\u0435\u043d\u0438\u044f. \u041b\u0438\u0431\u043e \u0434\u043b\u044f \u0442\u0435\u0445, \u043a\u043e\u0442\u043e\u0440\u044b\u0435 \u0432\u044b \u043e\u0440\u0433\u0430\u043d\u0438\u0437\u0443\u0435\u0442\u0435 \u0432 \u043d\u0430\u0443\u0447\u043d\u043e\u043c \u0446\u0435\u043d\u0442\u0440\u0435 AHHAA, \u043b\u0438\u0431\u043e \u0432 \u0432\u0430\u043c\u0438 \u0432\u044b\u0431\u0440\u0430\u043d\u043d\u043e\u043c \u043c\u0435\u0441\u0442\u0435 (\u0434\u043e\u043c\u0430, \u043d\u0430 \u0434\u0435\u0442\u0441\u043a\u043e\u0439 \u043f\u043b\u043e\u0449\u0430\u0434\u043a\u0435&#8230;). \u0417\u0430\u043a\u0430\u0437\u044b\u0432\u0430\u044f \u0435\u0434\u0443 \u0434\u043b\u044f \u043f\u0440\u0430\u0437\u0434\u043d\u043e\u0432\u0430\u043d\u0438\u044f \u0434\u043d\u044f \u0440\u043e\u0436\u0434\u0435\u043d\u0438\u044f \u0443 \u043d\u0430\u0441, \u0432\u044b \u043c\u043e\u0436\u0435\u0442\u0435 \u0431\u044b\u0442\u044c \u0443\u0432\u0435\u0440\u0435\u043d\u044b, \u0447\u0442\u043e \u0432\u0441\u0435 \u043d\u0435\u043e\u0431\u0445\u043e\u0434\u0438\u043c\u043e\u0435 \u0431\u0443\u0434\u0435\u0442 \u0433\u043e\u0442\u043e\u0432\u043e \u043a \u0432\u0430\u0448\u0435\u043c\u0443 \u043f\u0440\u0438\u0445\u043e\u0434\u0443. \u042d\u0442\u043e \u0443\u0434\u043e\u0431\u043d\u043e \u0434\u043b\u044f \u0432\u0430\u0441 \u0438 \u044d\u043a\u043e\u043d\u043e\u043c\u0438\u0442 \u0432\u0440\u0435\u043c\u044f. &hellip;<\/p>\n<p class=\"read-more\"> <a class=\"\" href=\"https:\/\/kohviknewton.ee\/ru\/detskije-dni-rozhdenija\/\"> <span class=\"screen-reader-text\">\u0414\u0435\u0442\u0441\u043a\u0438\u0435 \u0434\u043d\u0438 \u0440\u043e\u0436\u0434\u0435\u043d\u0438\u044f<\/span> \u0427\u0438\u0442\u0430\u0442\u044c \u0434\u0430\u043b\u0435\u0435 &raquo;<\/a><\/p>\n","protected":false},"author":2,"featured_media":1254,"parent":0,"menu_order":0,"comment_status":"closed","ping_status":"closed","template":"","meta":{"site-sidebar-layout":"default","site-content-layout":"page-builder","ast-global-header-display":"","ast-main-header-display":"","ast-hfb-above-header-display":"","ast-hfb-below-header-display":"","ast-hfb-mobile-header-display":"","site-post-title":"disabled","ast-breadcrumbs-content":"","ast-featured-img":"disabled","footer-sml-layout":"disabled","theme-transparent-header-meta":"disabled","adv-header-id-meta":"","stick-header-meta":"","header-above-stick-meta":"","header-main-stick-meta":"","header-below-stick-meta":"","footnotes":""},"class_list":["post-1252","page","type-page","status-publish","has-post-thumbnail","hentry"],"yoast_head":"<!-- This site is optimized with the Yoast SEO plugin v25.3.1 - https:\/\/yoast.com\/wordpress\/plugins\/seo\/ -->\n<title>\u0414\u0435\u0442\u0441\u043a\u0438\u0435 \u0434\u043d\u0438 \u0440\u043e\u0436\u0434\u0435\u043d\u0438\u044f - Kohvik Newton<\/title>\n<meta name=\"description\" content=\"Pakume laste s\u00fcnnip\u00e4evade toitlustus AHHAAkeskuses toimuvatele laste s\u00fcnnip\u00e4evadele, kui ka kliendi soovitud aadressile\" \/>\n<meta name=\"robots\" content=\"index, follow, max-snippet:-1, max-image-preview:large, max-video-preview:-1\" \/>\n<link rel=\"canonical\" href=\"https:\/\/kohviknewton.ee\/ru\/detskije-dni-rozhdenija\/\" \/>\n<meta property=\"og:locale\" content=\"ru_RU\" \/>\n<meta property=\"og:type\" content=\"article\" \/>\n<meta property=\"og:title\" content=\"\u0414\u0435\u0442\u0441\u043a\u0438\u0435 \u0434\u043d\u0438 \u0440\u043e\u0436\u0434\u0435\u043d\u0438\u044f - Kohvik Newton\" \/>\n<meta property=\"og:description\" content=\"Pakume laste s\u00fcnnip\u00e4evade toitlustus AHHAAkeskuses toimuvatele laste s\u00fcnnip\u00e4evadele, kui ka kliendi soovitud aadressile\" \/>\n<meta property=\"og:url\" content=\"https:\/\/kohviknewton.ee\/ru\/detskije-dni-rozhdenija\/\" \/>\n<meta property=\"og:site_name\" content=\"Kohvik Newton\" \/>\n<meta property=\"article:publisher\" content=\"https:\/\/www.facebook.com\/newtonkohvik\" \/>\n<meta property=\"article:modified_time\" content=\"2024-08-25T07:48:33+00:00\" \/>\n<meta property=\"og:image\" content=\"https:\/\/kohviknewton.ee\/wp-content\/uploads\/2021\/12\/Nimetu-kujundus-11.png\" \/>\n\t<meta property=\"og:image:width\" content=\"1920\" \/>\n\t<meta property=\"og:image:height\" content=\"600\" \/>\n\t<meta property=\"og:image:type\" content=\"image\/png\" \/>\n<meta name=\"twitter:card\" content=\"summary_large_image\" \/>\n<script type=\"application\/ld+json\" class=\"yoast-schema-graph\">{\"@context\":\"https:\/\/schema.org\",\"@graph\":[{\"@type\":\"WebPage\",\"@id\":\"https:\/\/kohviknewton.ee\/ru\/detskije-dni-rozhdenija\/\",\"url\":\"https:\/\/kohviknewton.ee\/ru\/detskije-dni-rozhdenija\/\",\"name\":\"\u0414\u0435\u0442\u0441\u043a\u0438\u0435 \u0434\u043d\u0438 \u0440\u043e\u0436\u0434\u0435\u043d\u0438\u044f - Kohvik Newton\",\"isPartOf\":{\"@id\":\"https:\/\/kohviknewton.ee\/#website\"},\"primaryImageOfPage\":{\"@id\":\"https:\/\/kohviknewton.ee\/ru\/detskije-dni-rozhdenija\/#primaryimage\"},\"image\":{\"@id\":\"https:\/\/kohviknewton.ee\/ru\/detskije-dni-rozhdenija\/#primaryimage\"},\"thumbnailUrl\":\"https:\/\/kohviknewton.ee\/wp-content\/uploads\/2021\/12\/Nimetu-kujundus-11.png\",\"datePublished\":\"2021-09-14T12:44:35+00:00\",\"dateModified\":\"2024-08-25T07:48:33+00:00\",\"description\":\"Pakume laste s\u00fcnnip\u00e4evade toitlustus AHHAAkeskuses toimuvatele laste s\u00fcnnip\u00e4evadele, kui ka kliendi soovitud aadressile\",\"breadcrumb\":{\"@id\":\"https:\/\/kohviknewton.ee\/ru\/detskije-dni-rozhdenija\/#breadcrumb\"},\"inLanguage\":\"ru-RU\",\"potentialAction\":[{\"@type\":\"ReadAction\",\"target\":[\"https:\/\/kohviknewton.ee\/ru\/detskije-dni-rozhdenija\/\"]}]},{\"@type\":\"ImageObject\",\"inLanguage\":\"ru-RU\",\"@id\":\"https:\/\/kohviknewton.ee\/ru\/detskije-dni-rozhdenija\/#primaryimage\",\"url\":\"https:\/\/kohviknewton.ee\/wp-content\/uploads\/2021\/12\/Nimetu-kujundus-11.png\",\"contentUrl\":\"https:\/\/kohviknewton.ee\/wp-content\/uploads\/2021\/12\/Nimetu-kujundus-11.png\",\"width\":1920,\"height\":600},{\"@type\":\"BreadcrumbList\",\"@id\":\"https:\/\/kohviknewton.ee\/ru\/detskije-dni-rozhdenija\/#breadcrumb\",\"itemListElement\":[{\"@type\":\"ListItem\",\"position\":1,\"name\":\"Home\",\"item\":\"https:\/\/kohviknewton.ee\/ru\/\"},{\"@type\":\"ListItem\",\"position\":2,\"name\":\"\u0414\u0435\u0442\u0441\u043a\u0438\u0435 \u0434\u043d\u0438 \u0440\u043e\u0436\u0434\u0435\u043d\u0438\u044f\"}]},{\"@type\":\"WebSite\",\"@id\":\"https:\/\/kohviknewton.ee\/#website\",\"url\":\"https:\/\/kohviknewton.ee\/\",\"name\":\"Kohvik Newton\",\"description\":\"M\u00f5nus kohvik Tartu kesklinnas AHHAAkeskuses\",\"publisher\":{\"@id\":\"https:\/\/kohviknewton.ee\/#organization\"},\"potentialAction\":[{\"@type\":\"SearchAction\",\"target\":{\"@type\":\"EntryPoint\",\"urlTemplate\":\"https:\/\/kohviknewton.ee\/?s={search_term_string}\"},\"query-input\":{\"@type\":\"PropertyValueSpecification\",\"valueRequired\":true,\"valueName\":\"search_term_string\"}}],\"inLanguage\":\"ru-RU\"},{\"@type\":\"Organization\",\"@id\":\"https:\/\/kohviknewton.ee\/#organization\",\"name\":\"Kohvik Newton\",\"url\":\"https:\/\/kohviknewton.ee\/\",\"logo\":{\"@type\":\"ImageObject\",\"inLanguage\":\"ru-RU\",\"@id\":\"https:\/\/kohviknewton.ee\/#\/schema\/logo\/image\/\",\"url\":\"https:\/\/kohviknewton.ee\/wp-content\/uploads\/2021\/05\/cropped-newton_logo-black-1-2.png\",\"contentUrl\":\"https:\/\/kohviknewton.ee\/wp-content\/uploads\/2021\/05\/cropped-newton_logo-black-1-2.png\",\"width\":133,\"height\":82,\"caption\":\"Kohvik Newton\"},\"image\":{\"@id\":\"https:\/\/kohviknewton.ee\/#\/schema\/logo\/image\/\"},\"sameAs\":[\"https:\/\/www.facebook.com\/newtonkohvik\",\"https:\/\/www.instagram.com\/newtonkohvik\/\"]}]}<\/script>\n<!-- \/ Yoast SEO plugin. -->","yoast_head_json":{"title":"\u0414\u0435\u0442\u0441\u043a\u0438\u0435 \u0434\u043d\u0438 \u0440\u043e\u0436\u0434\u0435\u043d\u0438\u044f - Kohvik Newton","description":"Pakume laste s\u00fcnnip\u00e4evade toitlustus AHHAAkeskuses toimuvatele laste s\u00fcnnip\u00e4evadele, kui ka kliendi soovitud aadressile","robots":{"index":"index","follow":"follow","max-snippet":"max-snippet:-1","max-image-preview":"max-image-preview:large","max-video-preview":"max-video-preview:-1"},"canonical":"https:\/\/kohviknewton.ee\/ru\/detskije-dni-rozhdenija\/","og_locale":"ru_RU","og_type":"article","og_title":"\u0414\u0435\u0442\u0441\u043a\u0438\u0435 \u0434\u043d\u0438 \u0440\u043e\u0436\u0434\u0435\u043d\u0438\u044f - Kohvik Newton","og_description":"Pakume laste s\u00fcnnip\u00e4evade toitlustus AHHAAkeskuses toimuvatele laste s\u00fcnnip\u00e4evadele, kui ka kliendi soovitud aadressile","og_url":"https:\/\/kohviknewton.ee\/ru\/detskije-dni-rozhdenija\/","og_site_name":"Kohvik Newton","article_publisher":"https:\/\/www.facebook.com\/newtonkohvik","article_modified_time":"2024-08-25T07:48:33+00:00","og_image":[{"width":1920,"height":600,"url":"https:\/\/kohviknewton.ee\/wp-content\/uploads\/2021\/12\/Nimetu-kujundus-11.png","type":"image\/png"}],"twitter_card":"summary_large_image","schema":{"@context":"https:\/\/schema.org","@graph":[{"@type":"WebPage","@id":"https:\/\/kohviknewton.ee\/ru\/detskije-dni-rozhdenija\/","url":"https:\/\/kohviknewton.ee\/ru\/detskije-dni-rozhdenija\/","name":"\u0414\u0435\u0442\u0441\u043a\u0438\u0435 \u0434\u043d\u0438 \u0440\u043e\u0436\u0434\u0435\u043d\u0438\u044f - Kohvik Newton","isPartOf":{"@id":"https:\/\/kohviknewton.ee\/#website"},"primaryImageOfPage":{"@id":"https:\/\/kohviknewton.ee\/ru\/detskije-dni-rozhdenija\/#primaryimage"},"image":{"@id":"https:\/\/kohviknewton.ee\/ru\/detskije-dni-rozhdenija\/#primaryimage"},"thumbnailUrl":"https:\/\/kohviknewton.ee\/wp-content\/uploads\/2021\/12\/Nimetu-kujundus-11.png","datePublished":"2021-09-14T12:44:35+00:00","dateModified":"2024-08-25T07:48:33+00:00","description":"Pakume laste s\u00fcnnip\u00e4evade toitlustus AHHAAkeskuses toimuvatele laste s\u00fcnnip\u00e4evadele, kui ka kliendi soovitud aadressile","breadcrumb":{"@id":"https:\/\/kohviknewton.ee\/ru\/detskije-dni-rozhdenija\/#breadcrumb"},"inLanguage":"ru-RU","potentialAction":[{"@type":"ReadAction","target":["https:\/\/kohviknewton.ee\/ru\/detskije-dni-rozhdenija\/"]}]},{"@type":"ImageObject","inLanguage":"ru-RU","@id":"https:\/\/kohviknewton.ee\/ru\/detskije-dni-rozhdenija\/#primaryimage","url":"https:\/\/kohviknewton.ee\/wp-content\/uploads\/2021\/12\/Nimetu-kujundus-11.png","contentUrl":"https:\/\/kohviknewton.ee\/wp-content\/uploads\/2021\/12\/Nimetu-kujundus-11.png","width":1920,"height":600},{"@type":"BreadcrumbList","@id":"https:\/\/kohviknewton.ee\/ru\/detskije-dni-rozhdenija\/#breadcrumb","itemListElement":[{"@type":"ListItem","position":1,"name":"Home","item":"https:\/\/kohviknewton.ee\/ru\/"},{"@type":"ListItem","position":2,"name":"\u0414\u0435\u0442\u0441\u043a\u0438\u0435 \u0434\u043d\u0438 \u0440\u043e\u0436\u0434\u0435\u043d\u0438\u044f"}]},{"@type":"WebSite","@id":"https:\/\/kohviknewton.ee\/#website","url":"https:\/\/kohviknewton.ee\/","name":"Kohvik Newton","description":"M\u00f5nus kohvik Tartu kesklinnas AHHAAkeskuses","publisher":{"@id":"https:\/\/kohviknewton.ee\/#organization"},"potentialAction":[{"@type":"SearchAction","target":{"@type":"EntryPoint","urlTemplate":"https:\/\/kohviknewton.ee\/?s={search_term_string}"},"query-input":{"@type":"PropertyValueSpecification","valueRequired":true,"valueName":"search_term_string"}}],"inLanguage":"ru-RU"},{"@type":"Organization","@id":"https:\/\/kohviknewton.ee\/#organization","name":"Kohvik Newton","url":"https:\/\/kohviknewton.ee\/","logo":{"@type":"ImageObject","inLanguage":"ru-RU","@id":"https:\/\/kohviknewton.ee\/#\/schema\/logo\/image\/","url":"https:\/\/kohviknewton.ee\/wp-content\/uploads\/2021\/05\/cropped-newton_logo-black-1-2.png","contentUrl":"https:\/\/kohviknewton.ee\/wp-content\/uploads\/2021\/05\/cropped-newton_logo-black-1-2.png","width":133,"height":82,"caption":"Kohvik Newton"},"image":{"@id":"https:\/\/kohviknewton.ee\/#\/schema\/logo\/image\/"},"sameAs":["https:\/\/www.facebook.com\/newtonkohvik","https:\/\/www.instagram.com\/newtonkohvik\/"]}]}},"_links":{"self":[{"href":"https:\/\/kohviknewton.ee\/ru\/wp-json\/wp\/v2\/pages\/1252","targetHints":{"allow":["GET"]}}],"collection":[{"href":"https:\/\/kohviknewton.ee\/ru\/wp-json\/wp\/v2\/pages"}],"about":[{"href":"https:\/\/kohviknewton.ee\/ru\/wp-json\/wp\/v2\/types\/page"}],"author":[{"embeddable":true,"href":"https:\/\/kohviknewton.ee\/ru\/wp-json\/wp\/v2\/users\/2"}],"replies":[{"embeddable":true,"href":"https:\/\/kohviknewton.ee\/ru\/wp-json\/wp\/v2\/comments?post=1252"}],"version-history":[{"count":5,"href":"https:\/\/kohviknewton.ee\/ru\/wp-json\/wp\/v2\/pages\/1252\/revisions"}],"predecessor-version":[{"id":2551,"href":"https:\/\/kohviknewton.ee\/ru\/wp-json\/wp\/v2\/pages\/1252\/revisions\/2551"}],"wp:featuredmedia":[{"embeddable":true,"href":"https:\/\/kohviknewton.ee\/ru\/wp-json\/wp\/v2\/media\/1254"}],"wp:attachment":[{"href":"https:\/\/kohviknewton.ee\/ru\/wp-json\/wp\/v2\/media?parent=1252"}],"curies":[{"name":"wp","href":"https:\/\/api.w.org\/{rel}","templated":true}]}}