{"id":1255,"date":"2021-05-10T12:38:31","date_gmt":"2021-05-10T12:38:31","guid":{"rendered":"https:\/\/kohviknewton.ee\/menuu\/"},"modified":"2025-12-19T19:17:28","modified_gmt":"2025-12-19T19:17:28","slug":"menju","status":"publish","type":"page","link":"https:\/\/kohviknewton.ee\/ru\/menju\/","title":{"rendered":"\u041c\u0435\u043d\u044e"},"content":{"rendered":"\n\n\t\t\t\t<img decoding=\"async\" src=\"https:\/\/kohviknewton.ee\/wp-content\/uploads\/2025\/04\/pohimenuu-RUS_OK-1.png\" alt=\"p\u00f5himen\u00fc\u00fc RUS_OK (1)\" itemprop=\"image\" title=\"p\u00f5himen\u00fc\u00fc RUS_OK (1)\" onerror=\"this.style.display='none'\"  \/>\n\t\t\t\t<img loading=\"lazy\" decoding=\"async\" src=\"https:\/\/kohviknewton.ee\/wp-content\/uploads\/2025\/12\/joogidpitsalapsed-RUS_OK-scaled.png\" alt=\"joogid+pitsa+lapsed RUS_OK\" itemprop=\"image\" height=\"1358\" width=\"1920\" title=\"joogid+pitsa+lapsed RUS_OK\" onerror=\"this.style.display='none'\"  \/>\n\n","protected":false},"excerpt":{"rendered":"","protected":false},"author":1,"featured_media":1236,"parent":0,"menu_order":0,"comment_status":"closed","ping_status":"closed","template":"","meta":{"site-sidebar-layout":"no-sidebar","site-content-layout":"page-builder","ast-global-header-display":"","ast-main-header-display":"","ast-hfb-above-header-display":"","ast-hfb-below-header-display":"","ast-hfb-mobile-header-display":"","site-post-title":"disabled","ast-breadcrumbs-content":"","ast-featured-img":"disabled","footer-sml-layout":"","theme-transparent-header-meta":"default","adv-header-id-meta":"","stick-header-meta":"","header-above-stick-meta":"","header-main-stick-meta":"","header-below-stick-meta":"","footnotes":""},"class_list":["post-1255","page","type-page","status-publish","has-post-thumbnail","hentry"],"yoast_head":"<!-- This site is optimized with the Yoast SEO plugin v25.3.1 - https:\/\/yoast.com\/wordpress\/plugins\/seo\/ -->\n<title>\u041c\u0435\u043d\u044e - Kohvik Newton<\/title>\n<meta name=\"robots\" content=\"index, follow, max-snippet:-1, max-image-preview:large, max-video-preview:-1\" \/>\n<link rel=\"canonical\" href=\"https:\/\/kohviknewton.ee\/ru\/menju\/\" \/>\n<meta property=\"og:locale\" content=\"ru_RU\" \/>\n<meta property=\"og:type\" content=\"article\" \/>\n<meta property=\"og:title\" content=\"\u041c\u0435\u043d\u044e - Kohvik Newton\" \/>\n<meta property=\"og:url\" content=\"https:\/\/kohviknewton.ee\/ru\/menju\/\" \/>\n<meta property=\"og:site_name\" content=\"Kohvik Newton\" \/>\n<meta property=\"article:publisher\" content=\"https:\/\/www.facebook.com\/newtonkohvik\" \/>\n<meta property=\"article:modified_time\" content=\"2025-12-19T19:17:28+00:00\" \/>\n<meta property=\"og:image\" content=\"https:\/\/kohviknewton.ee\/wp-content\/uploads\/2021\/05\/Nimetu-kujundus-2.png\" \/>\n\t<meta property=\"og:image:width\" content=\"1920\" \/>\n\t<meta property=\"og:image:height\" content=\"600\" \/>\n\t<meta property=\"og:image:type\" content=\"image\/png\" \/>\n<meta name=\"twitter:card\" content=\"summary_large_image\" \/>\n<script type=\"application\/ld+json\" class=\"yoast-schema-graph\">{\"@context\":\"https:\/\/schema.org\",\"@graph\":[{\"@type\":\"WebPage\",\"@id\":\"https:\/\/kohviknewton.ee\/ru\/menju\/\",\"url\":\"https:\/\/kohviknewton.ee\/ru\/menju\/\",\"name\":\"\u041c\u0435\u043d\u044e - Kohvik Newton\",\"isPartOf\":{\"@id\":\"https:\/\/kohviknewton.ee\/#website\"},\"primaryImageOfPage\":{\"@id\":\"https:\/\/kohviknewton.ee\/ru\/menju\/#primaryimage\"},\"image\":{\"@id\":\"https:\/\/kohviknewton.ee\/ru\/menju\/#primaryimage\"},\"thumbnailUrl\":\"https:\/\/kohviknewton.ee\/wp-content\/uploads\/2021\/05\/Nimetu-kujundus-2.png\",\"datePublished\":\"2021-05-10T12:38:31+00:00\",\"dateModified\":\"2025-12-19T19:17:28+00:00\",\"breadcrumb\":{\"@id\":\"https:\/\/kohviknewton.ee\/ru\/menju\/#breadcrumb\"},\"inLanguage\":\"ru-RU\",\"potentialAction\":[{\"@type\":\"ReadAction\",\"target\":[\"https:\/\/kohviknewton.ee\/ru\/menju\/\"]}]},{\"@type\":\"ImageObject\",\"inLanguage\":\"ru-RU\",\"@id\":\"https:\/\/kohviknewton.ee\/ru\/menju\/#primaryimage\",\"url\":\"https:\/\/kohviknewton.ee\/wp-content\/uploads\/2021\/05\/Nimetu-kujundus-2.png\",\"contentUrl\":\"https:\/\/kohviknewton.ee\/wp-content\/uploads\/2021\/05\/Nimetu-kujundus-2.png\",\"width\":1920,\"height\":600},{\"@type\":\"BreadcrumbList\",\"@id\":\"https:\/\/kohviknewton.ee\/ru\/menju\/#breadcrumb\",\"itemListElement\":[{\"@type\":\"ListItem\",\"position\":1,\"name\":\"Home\",\"item\":\"https:\/\/kohviknewton.ee\/ru\/\"},{\"@type\":\"ListItem\",\"position\":2,\"name\":\"\u041c\u0435\u043d\u044e\"}]},{\"@type\":\"WebSite\",\"@id\":\"https:\/\/kohviknewton.ee\/#website\",\"url\":\"https:\/\/kohviknewton.ee\/\",\"name\":\"Kohvik Newton\",\"description\":\"M\u00f5nus kohvik Tartu kesklinnas AHHAAkeskuses\",\"publisher\":{\"@id\":\"https:\/\/kohviknewton.ee\/#organization\"},\"potentialAction\":[{\"@type\":\"SearchAction\",\"target\":{\"@type\":\"EntryPoint\",\"urlTemplate\":\"https:\/\/kohviknewton.ee\/?s={search_term_string}\"},\"query-input\":{\"@type\":\"PropertyValueSpecification\",\"valueRequired\":true,\"valueName\":\"search_term_string\"}}],\"inLanguage\":\"ru-RU\"},{\"@type\":\"Organization\",\"@id\":\"https:\/\/kohviknewton.ee\/#organization\",\"name\":\"Kohvik Newton\",\"url\":\"https:\/\/kohviknewton.ee\/\",\"logo\":{\"@type\":\"ImageObject\",\"inLanguage\":\"ru-RU\",\"@id\":\"https:\/\/kohviknewton.ee\/#\/schema\/logo\/image\/\",\"url\":\"https:\/\/kohviknewton.ee\/wp-content\/uploads\/2021\/05\/cropped-newton_logo-black-1-2.png\",\"contentUrl\":\"https:\/\/kohviknewton.ee\/wp-content\/uploads\/2021\/05\/cropped-newton_logo-black-1-2.png\",\"width\":133,\"height\":82,\"caption\":\"Kohvik Newton\"},\"image\":{\"@id\":\"https:\/\/kohviknewton.ee\/#\/schema\/logo\/image\/\"},\"sameAs\":[\"https:\/\/www.facebook.com\/newtonkohvik\",\"https:\/\/www.instagram.com\/newtonkohvik\/\"]}]}<\/script>\n<!-- \/ Yoast SEO plugin. -->","yoast_head_json":{"title":"\u041c\u0435\u043d\u044e - Kohvik Newton","robots":{"index":"index","follow":"follow","max-snippet":"max-snippet:-1","max-image-preview":"max-image-preview:large","max-video-preview":"max-video-preview:-1"},"canonical":"https:\/\/kohviknewton.ee\/ru\/menju\/","og_locale":"ru_RU","og_type":"article","og_title":"\u041c\u0435\u043d\u044e - Kohvik Newton","og_url":"https:\/\/kohviknewton.ee\/ru\/menju\/","og_site_name":"Kohvik Newton","article_publisher":"https:\/\/www.facebook.com\/newtonkohvik","article_modified_time":"2025-12-19T19:17:28+00:00","og_image":[{"width":1920,"height":600,"url":"https:\/\/kohviknewton.ee\/wp-content\/uploads\/2021\/05\/Nimetu-kujundus-2.png","type":"image\/png"}],"twitter_card":"summary_large_image","schema":{"@context":"https:\/\/schema.org","@graph":[{"@type":"WebPage","@id":"https:\/\/kohviknewton.ee\/ru\/menju\/","url":"https:\/\/kohviknewton.ee\/ru\/menju\/","name":"\u041c\u0435\u043d\u044e - Kohvik Newton","isPartOf":{"@id":"https:\/\/kohviknewton.ee\/#website"},"primaryImageOfPage":{"@id":"https:\/\/kohviknewton.ee\/ru\/menju\/#primaryimage"},"image":{"@id":"https:\/\/kohviknewton.ee\/ru\/menju\/#primaryimage"},"thumbnailUrl":"https:\/\/kohviknewton.ee\/wp-content\/uploads\/2021\/05\/Nimetu-kujundus-2.png","datePublished":"2021-05-10T12:38:31+00:00","dateModified":"2025-12-19T19:17:28+00:00","breadcrumb":{"@id":"https:\/\/kohviknewton.ee\/ru\/menju\/#breadcrumb"},"inLanguage":"ru-RU","potentialAction":[{"@type":"ReadAction","target":["https:\/\/kohviknewton.ee\/ru\/menju\/"]}]},{"@type":"ImageObject","inLanguage":"ru-RU","@id":"https:\/\/kohviknewton.ee\/ru\/menju\/#primaryimage","url":"https:\/\/kohviknewton.ee\/wp-content\/uploads\/2021\/05\/Nimetu-kujundus-2.png","contentUrl":"https:\/\/kohviknewton.ee\/wp-content\/uploads\/2021\/05\/Nimetu-kujundus-2.png","width":1920,"height":600},{"@type":"BreadcrumbList","@id":"https:\/\/kohviknewton.ee\/ru\/menju\/#breadcrumb","itemListElement":[{"@type":"ListItem","position":1,"name":"Home","item":"https:\/\/kohviknewton.ee\/ru\/"},{"@type":"ListItem","position":2,"name":"\u041c\u0435\u043d\u044e"}]},{"@type":"WebSite","@id":"https:\/\/kohviknewton.ee\/#website","url":"https:\/\/kohviknewton.ee\/","name":"Kohvik Newton","description":"M\u00f5nus kohvik Tartu kesklinnas AHHAAkeskuses","publisher":{"@id":"https:\/\/kohviknewton.ee\/#organization"},"potentialAction":[{"@type":"SearchAction","target":{"@type":"EntryPoint","urlTemplate":"https:\/\/kohviknewton.ee\/?s={search_term_string}"},"query-input":{"@type":"PropertyValueSpecification","valueRequired":true,"valueName":"search_term_string"}}],"inLanguage":"ru-RU"},{"@type":"Organization","@id":"https:\/\/kohviknewton.ee\/#organization","name":"Kohvik Newton","url":"https:\/\/kohviknewton.ee\/","logo":{"@type":"ImageObject","inLanguage":"ru-RU","@id":"https:\/\/kohviknewton.ee\/#\/schema\/logo\/image\/","url":"https:\/\/kohviknewton.ee\/wp-content\/uploads\/2021\/05\/cropped-newton_logo-black-1-2.png","contentUrl":"https:\/\/kohviknewton.ee\/wp-content\/uploads\/2021\/05\/cropped-newton_logo-black-1-2.png","width":133,"height":82,"caption":"Kohvik Newton"},"image":{"@id":"https:\/\/kohviknewton.ee\/#\/schema\/logo\/image\/"},"sameAs":["https:\/\/www.facebook.com\/newtonkohvik","https:\/\/www.instagram.com\/newtonkohvik\/"]}]}},"_links":{"self":[{"href":"https:\/\/kohviknewton.ee\/ru\/wp-json\/wp\/v2\/pages\/1255","targetHints":{"allow":["GET"]}}],"collection":[{"href":"https:\/\/kohviknewton.ee\/ru\/wp-json\/wp\/v2\/pages"}],"about":[{"href":"https:\/\/kohviknewton.ee\/ru\/wp-json\/wp\/v2\/types\/page"}],"author":[{"embeddable":true,"href":"https:\/\/kohviknewton.ee\/ru\/wp-json\/wp\/v2\/users\/1"}],"replies":[{"embeddable":true,"href":"https:\/\/kohviknewton.ee\/ru\/wp-json\/wp\/v2\/comments?post=1255"}],"version-history":[{"count":11,"href":"https:\/\/kohviknewton.ee\/ru\/wp-json\/wp\/v2\/pages\/1255\/revisions"}],"predecessor-version":[{"id":3057,"href":"https:\/\/kohviknewton.ee\/ru\/wp-json\/wp\/v2\/pages\/1255\/revisions\/3057"}],"wp:featuredmedia":[{"embeddable":true,"href":"https:\/\/kohviknewton.ee\/ru\/wp-json\/wp\/v2\/media\/1236"}],"wp:attachment":[{"href":"https:\/\/kohviknewton.ee\/ru\/wp-json\/wp\/v2\/media?parent=1255"}],"curies":[{"name":"wp","href":"https:\/\/api.w.org\/{rel}","templated":true}]}}